{"id":1004,"date":"2024-05-06T13:28:19","date_gmt":"2024-05-06T16:28:19","guid":{"rendered":"https:\/\/bvs-psi.mdp.edu.ar\/?page_id=1004"},"modified":"2024-10-04T15:59:37","modified_gmt":"2024-10-04T18:59:37","slug":"navegar-en-la-bvs","status":"publish","type":"page","link":"https:\/\/bvs-psi.mdp.edu.ar\/?page_id=1004","title":{"rendered":"Navegar en la BvS"},"content":{"rendered":"\n<h4 class=\"wp-block-heading\">Recorrer los espacios y p\u00e1ginas de nuestra web no es tarea dificil &#8230; aqui les acercamos un video tutorial donde podr\u00e1 visualizar la forma de hacerlo, los recursos con los que contamos y principalmente como es la b\u00fasqueda en nuestras bases de datos.<\/h4>\n\n\n\n<hr class=\"wp-block-separator has-alpha-channel-opacity\"\/>\n\n\n\n<figure class=\"wp-block-embed is-type-video is-provider-youtube wp-block-embed-youtube wp-embed-aspect-16-9 wp-has-aspect-ratio\"><div class=\"wp-block-embed__wrapper\">\n<iframe title=\"Tutorial Biblioteca Virtual de Salud en Psicolog\u00eda Argentina\" width=\"790\" height=\"444\" src=\"https:\/\/www.youtube.com\/embed\/qmsuF-gzsVU?feature=oembed\" frameborder=\"0\" allow=\"accelerometer; autoplay; clipboard-write; encrypted-media; gyroscope; picture-in-picture; web-share\" referrerpolicy=\"strict-origin-when-cross-origin\" allowfullscreen><\/iframe>\n<\/div><\/figure>\n\n\n\n<hr class=\"wp-block-separator has-alpha-channel-opacity\"\/>\n","protected":false},"excerpt":{"rendered":"<p>Recorrer los espacios y p\u00e1ginas de nuestra web no es tarea dificil &#8230; aqui les acercamos un video tutorial donde podr\u00e1 visualizar la forma de hacerlo, los recursos con los que contamos y principalmente como es la b\u00fasqueda en nuestras bases de datos.<\/p>\n","protected":false},"author":1,"featured_media":0,"parent":0,"menu_order":0,"comment_status":"closed","ping_status":"closed","template":"","meta":{"footnotes":""},"class_list":["post-1004","page","type-page","status-publish","hentry","clearfix"],"_links":{"self":[{"href":"https:\/\/bvs-psi.mdp.edu.ar\/index.php?rest_route=\/wp\/v2\/pages\/1004","targetHints":{"allow":["GET"]}}],"collection":[{"href":"https:\/\/bvs-psi.mdp.edu.ar\/index.php?rest_route=\/wp\/v2\/pages"}],"about":[{"href":"https:\/\/bvs-psi.mdp.edu.ar\/index.php?rest_route=\/wp\/v2\/types\/page"}],"author":[{"embeddable":true,"href":"https:\/\/bvs-psi.mdp.edu.ar\/index.php?rest_route=\/wp\/v2\/users\/1"}],"replies":[{"embeddable":true,"href":"https:\/\/bvs-psi.mdp.edu.ar\/index.php?rest_route=%2Fwp%2Fv2%2Fcomments&post=1004"}],"version-history":[{"count":3,"href":"https:\/\/bvs-psi.mdp.edu.ar\/index.php?rest_route=\/wp\/v2\/pages\/1004\/revisions"}],"predecessor-version":[{"id":1689,"href":"https:\/\/bvs-psi.mdp.edu.ar\/index.php?rest_route=\/wp\/v2\/pages\/1004\/revisions\/1689"}],"wp:attachment":[{"href":"https:\/\/bvs-psi.mdp.edu.ar\/index.php?rest_route=%2Fwp%2Fv2%2Fmedia&parent=1004"}],"curies":[{"name":"wp","href":"https:\/\/api.w.org\/{rel}","templated":true}]}}