{"id":106,"date":"2023-10-24T12:29:54","date_gmt":"2023-10-24T15:29:54","guid":{"rendered":"https:\/\/bvs-psi2.mdp.edu.ar\/?page_id=106"},"modified":"2024-10-07T15:37:01","modified_gmt":"2024-10-07T18:37:01","slug":"directorios-argentinos-en-psicologia-y-ciencias-de-la-salud","status":"publish","type":"page","link":"https:\/\/bvs-psi.mdp.edu.ar\/?page_id=106","title":{"rendered":"Directorios Argentinos en Psicolog\u00eda y Ciencias de la Salud"},"content":{"rendered":"\n<h4 class=\"wp-block-heading\"><strong><a href=\"https:\/\/bvs-psi.mdp.edu.ar\/?page_id=108\">Sitios en Psicolog\u00eda Argentina<\/a><\/strong><\/h4>\n\n\n\n<hr class=\"wp-block-separator has-alpha-channel-opacity\"\/>\n\n\n\n<h4 class=\"wp-block-heading\"><strong><a href=\"https:\/\/bvs-psi.mdp.edu.ar\/?page_id=101\">Listado de Revistas Cient\u00edficas de Psicolog\u00eda<\/a><\/strong><\/h4>\n\n\n\n<hr class=\"wp-block-separator has-alpha-channel-opacity\"\/>\n\n\n\n<h4 class=\"wp-block-heading\"><strong><a href=\"https:\/\/bvs-psi.mdp.edu.ar\/?page_id=99\">Diccionario Biogr\u00e1fico Argentino de Psicolog\u00eda<\/a><\/strong><\/h4>\n","protected":false},"excerpt":{"rendered":"<p>Sitios en Psicolog\u00eda Argentina Listado de Revistas Cient\u00edficas de Psicolog\u00eda Diccionario Biogr\u00e1fico Argentino de Psicolog\u00eda<\/p>\n","protected":false},"author":1,"featured_media":0,"parent":0,"menu_order":0,"comment_status":"closed","ping_status":"closed","template":"","meta":{"footnotes":""},"class_list":["post-106","page","type-page","status-publish","hentry","clearfix"],"_links":{"self":[{"href":"https:\/\/bvs-psi.mdp.edu.ar\/index.php?rest_route=\/wp\/v2\/pages\/106","targetHints":{"allow":["GET"]}}],"collection":[{"href":"https:\/\/bvs-psi.mdp.edu.ar\/index.php?rest_route=\/wp\/v2\/pages"}],"about":[{"href":"https:\/\/bvs-psi.mdp.edu.ar\/index.php?rest_route=\/wp\/v2\/types\/page"}],"author":[{"embeddable":true,"href":"https:\/\/bvs-psi.mdp.edu.ar\/index.php?rest_route=\/wp\/v2\/users\/1"}],"replies":[{"embeddable":true,"href":"https:\/\/bvs-psi.mdp.edu.ar\/index.php?rest_route=%2Fwp%2Fv2%2Fcomments&post=106"}],"version-history":[{"count":6,"href":"https:\/\/bvs-psi.mdp.edu.ar\/index.php?rest_route=\/wp\/v2\/pages\/106\/revisions"}],"predecessor-version":[{"id":1720,"href":"https:\/\/bvs-psi.mdp.edu.ar\/index.php?rest_route=\/wp\/v2\/pages\/106\/revisions\/1720"}],"wp:attachment":[{"href":"https:\/\/bvs-psi.mdp.edu.ar\/index.php?rest_route=%2Fwp%2Fv2%2Fmedia&parent=106"}],"curies":[{"name":"wp","href":"https:\/\/api.w.org\/{rel}","templated":true}]}}