{"id":112,"date":"2023-10-24T12:34:50","date_gmt":"2023-10-24T15:34:50","guid":{"rendered":"https:\/\/bvs-psi2.mdp.edu.ar\/?page_id=112"},"modified":"2024-10-07T17:03:00","modified_gmt":"2024-10-07T20:03:00","slug":"legislacion-vigente","status":"publish","type":"page","link":"https:\/\/bvs-psi.mdp.edu.ar\/?page_id=112","title":{"rendered":"Legislaci\u00f3n Vigente"},"content":{"rendered":"\n<h2 class=\"wp-block-heading\"><strong>LEYES DE EJERCICIO PRFESIONAL DEL PSIC\u00d3LOGO<\/strong><\/h2>\n\n\n\n<p><strong>Marco Legal para el Ejercicio de la Psicolog\u00eda en el Ambito Nacional:<br><\/strong><br>\u2013<strong>Ley Nacional del Ejercicio Profesional<\/strong>.&nbsp;<a href=\"https:\/\/bvs-psi.mdp.edu.ar\/wp-content\/uploads\/2024\/08\/ley_nacional_23277.pdf\" target=\"_blank\" rel=\"noreferrer noopener\">Ley N\u00ba 23277<\/a><\/p>\n\n\n\n<p>\u2013<strong>Reglamentacion de la Ley Nacional del Ejerc\u00edcio Profesional<\/strong>. <a href=\"https:\/\/bvs-psi.mdp.edu.ar\/wp-content\/uploads\/2024\/08\/Decreto-905-95.pdf\" target=\"_blank\" rel=\"noreferrer noopener\">Decreto 905\/1995<\/a><\/p>\n\n\n\n<p><strong>Resoluciones Minsteriales<\/strong>:<\/p>\n\n\n\n<p><a href=\"https:\/\/bvs-psi.mdp.edu.ar\/wp-content\/uploads\/2024\/08\/incumbencias-al-titulo.pdf\" target=\"_blank\" rel=\"noreferrer noopener\">Resoluci\u00f3n N\u00ba 2447<\/a><br>\u2013<strong>Incumbencias: T\u00edtulo de Psic\u00f3logo y Licenciado en Psicolog\u00eda. Ministerio de Educaci\u00f3n y Cultura 20\/09\/85<\/strong><\/p>\n\n\n\n<p><a href=\"https:\/\/bvs-psi.mdp.edu.ar\/wp-content\/uploads\/2024\/08\/RM_136-04.pdf\" target=\"_blank\" rel=\"noreferrer noopener\">Resoluci\u00f3n 136\/2004<\/a><br>\u2013<strong>Profesiones reguladas: T\u00edtulo de Licenciado en Psicolog\u00eda. Inclusi\u00f3n. Ministerio de Educaci\u00f3n, Ciencia y Tecnolog\u00eda.<br><\/strong><br><strong><br>LISTADO DE JURISDICCIONES PROVINCIALES<\/strong><br><strong><br>BUENOS AIRES:<\/strong><br><a href=\"https:\/\/bvs-psi.mdp.edu.ar\/wp-content\/uploads\/2024\/08\/ley_10.306._ejercicio_profesional_de_la_psicologia.pdf\" target=\"_blank\" rel=\"noreferrer noopener\">Ley 10.306<\/a><br>\u2013<strong>Ley de Ejercicio Profesional en la Provincia de Buenos Aires. (texto actualizado con las modificaciones introducidas por las Leyes 10.372, 10381 y 12.008)<\/strong><\/p>\n\n\n\n<p><strong>Leyes<\/strong>:&nbsp;<a href=\"https:\/\/www.colpsibhi.org.ar\/leyes_profesionales\" target=\"_blank\" rel=\"noreferrer noopener\">https:\/\/www.colpsibhi.org.ar\/leyes_profesionales<\/a><\/p>\n\n\n\n<p><strong>Rese\u00f1a Hist\u00f3rica<\/strong>:&nbsp;<a href=\"https:\/\/www.colpsibhi.org.ar\/institucional\" target=\"_blank\" rel=\"noreferrer noopener\">https:\/\/www.colpsibhi.org.ar\/institucional<\/a><\/p>\n\n\n\n<p><strong>CAPITAL FEDERAL<br><\/strong><a href=\"http:\/\/www.bvs-psi.mdp.edu.ar\/wp-content\/uploads\/2021\/05\/ley_448.pdf\" target=\"_blank\" rel=\"noreferrer noopener\">Ley 448<\/a>\u2013<strong>Ley de Salud Mental de la Ciudad de Buenos Aires<\/strong><\/p>\n\n\n\n<p>\u2013<strong>Reglamentaci\u00f3n de la Ley de Ejercicio Profesional de la Ciudad de Buenos Aires<\/strong>:&nbsp;<a href=\"http:\/\/www.bvs-psi.mdp.edu.ar\/wp-content\/uploads\/2021\/05\/ley_448.pdf\" target=\"_blank\" rel=\"noreferrer noopener\">Ley 448<\/a><\/p>\n\n\n\n<p><strong>CATAMARCA<\/strong><br><a href=\"https:\/\/bvs-psi.mdp.edu.ar\/wp-content\/uploads\/2024\/08\/CPC_LEY_4024_83.pdf\" target=\"_blank\" rel=\"noreferrer noopener\">Ley 4024<\/a>. 28-10-83<\/p>\n\n\n\n<p><strong>C\u00d3RDOBA<br><\/strong><a href=\"https:\/\/bvs-psi.mdp.edu.ar\/wp-content\/uploads\/2024\/08\/EJERCICIO-PROFESIONAL-DE-LA-PSICOLOGIA.pdf\" target=\"_blank\" rel=\"noreferrer noopener\">Ley 7106<\/a><br>\u2013<strong>Ejercicio Profesional<\/strong>. 21-09-84<\/p>\n\n\n\n<p><a href=\"https:\/\/bvs-psi.mdp.edu.ar\/wp-content\/uploads\/2024\/08\/Cordoba_Ley-8312.pdf\" target=\"_blank\" rel=\"noreferrer noopener\">Ley 8312<\/a><br>\u2013<strong>Creaci\u00f3n del Colegio<\/strong>. 08-09-93<\/p>\n\n\n\n<p><strong>CORRIENTES<\/strong><br><a href=\"https:\/\/bvs-psi.mdp.edu.ar\/wp-content\/uploads\/2024\/08\/Reglamenta-el-ejercicio-de-la-profesion-de-psicologo.pdf\" target=\"_blank\" rel=\"noreferrer noopener\">Ley 4025<\/a>. 05-09-85<\/p>\n\n\n\n<p><strong>CHACO<\/strong><br><a href=\"https:\/\/bvs-psi.mdp.edu.ar\/wp-content\/uploads\/2024\/08\/Chaco_LEY-3203.pdf\" target=\"_blank\" rel=\"noreferrer noopener\">Ley 3203<\/a>. 10-12-86<\/p>\n\n\n\n<p><strong>CHUBUT<br><\/strong><a href=\"https:\/\/bvs-psi.mdp.edu.ar\/wp-content\/uploads\/2024\/08\/Ley_2585-Chubut-.pdf\" target=\"_blank\" rel=\"noreferrer noopener\">Ley 2585<\/a>. 09-10-85<\/p>\n\n\n\n<p><strong>ENTRE RIOS<\/strong><br><a href=\"https:\/\/bvs-psi.mdp.edu.ar\/wp-content\/uploads\/2024\/08\/Ley_5336-Entre-Rios.pdf\" target=\"_blank\" rel=\"noreferrer noopener\">Ley 5336<\/a>. 11-05-73<\/p>\n\n\n\n<p><strong>FORMOSA<br><\/strong><a href=\"https:\/\/bvs-psi.mdp.edu.ar\/wp-content\/uploads\/2024\/08\/Ley_461-Formosa.pdf\" target=\"_blank\" rel=\"noreferrer noopener\">Ley 461<\/a>. 17-10-84<\/p>\n\n\n\n<p><strong>JUJUY<br><\/strong><a href=\"https:\/\/bvs-psi.mdp.edu.ar\/wp-content\/uploads\/2024\/08\/Ley_4124-Jujuy.pdf\" target=\"_blank\" rel=\"noreferrer noopener\">Ley 4124<\/a>. 11-12-84<\/p>\n\n\n\n<p><strong>LA PAMPA<br><\/strong><a href=\"https:\/\/bvs-psi.mdp.edu.ar\/wp-content\/uploads\/2024\/08\/Ley_818-La-Pampa.pdf\" target=\"_blank\" rel=\"noreferrer noopener\">Ley 818<\/a>. 22-11-84<\/p>\n\n\n\n<p><strong>LA RIOJA<\/strong><br><a href=\"https:\/\/bvs-psi.mdp.edu.ar\/wp-content\/uploads\/2024\/08\/Ley_4503-La-Rioja.pdf\" target=\"_blank\" rel=\"noreferrer noopener\">Ley 4503<\/a>. 25-04-85<\/p>\n\n\n\n<p><strong>MENDOZA<br><\/strong><a href=\"https:\/\/bvs-psi.mdp.edu.ar\/wp-content\/uploads\/2024\/08\/Ley_5045-Mendoza.pdf\" target=\"_blank\" rel=\"noreferrer noopener\">Ley 5045<\/a>. 20-09-85<\/p>\n\n\n\n<p><strong>MISIONES<br><\/strong><a href=\"https:\/\/bvs-psi.mdp.edu.ar\/wp-content\/uploads\/2024\/08\/Ley_-1306-Misiones.pdf\" target=\"_blank\" rel=\"noreferrer noopener\">Ley 1306<\/a>. 10-10-80<\/p>\n\n\n\n<p><strong>NEUQU\u00c9N<br><\/strong><a href=\"https:\/\/bvs-psi.mdp.edu.ar\/wp-content\/uploads\/2024\/08\/Ley_1674-Neuquen.pdf\" target=\"_blank\" rel=\"noreferrer noopener\">Ley 1674<\/a>. 17-11-86<\/p>\n\n\n\n<p><strong>RIO NEGRO<br><\/strong><a href=\"https:\/\/bvs-psi.mdp.edu.ar\/wp-content\/uploads\/2024\/08\/Ley_972-Rio-Negro.pdf\" target=\"_blank\" rel=\"noreferrer noopener\">Ley 972<\/a>. 06-09-74<br>-(Decreto 1216. -Derogada en abril de 1980 y Restituida pro <a href=\"https:\/\/bvs-psi.mdp.edu.ar\/wp-content\/uploads\/2024\/08\/Decreto_1856.pdf\" target=\"_blank\" rel=\"noreferrer noopener\">Decreto 1856<\/a> en 1984)<\/p>\n\n\n\n<p><strong>SALTA<br><\/strong><a href=\"https:\/\/bvs-psi.mdp.edu.ar\/wp-content\/uploads\/2024\/08\/Ley_6063-Salta.pdf\" target=\"_blank\" rel=\"noreferrer noopener\">Ley 6063<\/a>. 11-02-83<\/p>\n\n\n\n<p><strong>SAN JUAN<br><\/strong><a href=\"https:\/\/bvs-psi.mdp.edu.ar\/wp-content\/uploads\/2024\/08\/Ley_-5436-1985-San-Juan.pdf\" target=\"_blank\" rel=\"noreferrer noopener\">Ley 5436<\/a>. 19-09-85<\/p>\n\n\n\n<p><strong>SAN LUIS<br><\/strong><a href=\"https:\/\/bvs-psi.mdp.edu.ar\/wp-content\/uploads\/2024\/08\/San-Luis_Ley-XIV-03575700R.pdf\" target=\"_blank\" rel=\"noreferrer noopener\">Ley 4511<\/a>.&nbsp;28-10-83<\/p>\n\n\n\n<p><strong>SANTA CRUZ<br><\/strong><a href=\"https:\/\/bvs-psi.mdp.edu.ar\/wp-content\/uploads\/2024\/08\/Creacion-del-Colegio-Profesional-de-Psicologos-de-la-Provincia-de-Santa-Cruz.pdf\" target=\"_blank\" rel=\"noreferrer noopener\">Ley 1709<\/a>. 27-11-84<\/p>\n\n\n\n<p><strong>SANTA FE<br><\/strong><a href=\"https:\/\/bvs-psi.mdp.edu.ar\/wp-content\/uploads\/2024\/08\/Ley_9538-Santa-Fe.pdf\" target=\"_blank\" rel=\"noreferrer noopener\">Ley 9538<\/a>. 08-11-84<\/p>\n\n\n\n<p><strong>SANTIAGO DEL ESTERO<br><\/strong><a href=\"https:\/\/bvs-psi.mdp.edu.ar\/wp-content\/uploads\/2024\/08\/Santiago-del-Estero_Ley-6932.pdf\" target=\"_blank\" rel=\"noreferrer noopener\">Ley 4629<\/a>. 14-06-78<br><strong><br>TIERRA DEL FUEGO.ANTARTIDA E ISLAS DEL ATLANTICO SUR<br><\/strong><a rel=\"noreferrer noopener\" href=\"https:\/\/bvs-psi.mdp.edu.ar\/wp-content\/uploads\/2024\/08\/LEYP318.pdf\" target=\"_blank\">Ley N\u00ba 318<\/a>. Tierra del Fuego. 27-09-96<\/p>\n\n\n\n<p><strong>TUCUM\u00c1N<br><\/strong><a href=\"https:\/\/bvs-psi.mdp.edu.ar\/wp-content\/uploads\/2024\/08\/LY5467.pdf\" target=\"_blank\" rel=\"noreferrer noopener\">Ley 5467<\/a>. 25-02-83 (Derogada en Diciembre de 2004. <a href=\"https:\/\/bvs-psi.mdp.edu.ar\/wp-content\/uploads\/2024\/08\/LEY-7512.pdf\" target=\"_blank\" rel=\"noreferrer noopener\">Entra en vigencia&nbsp;Ley 7512<\/a>. 11-05-73)<\/p>\n\n\n\n<p><strong>SALUD PUBLICA<\/strong><\/p>\n\n\n\n<p><strong>Legislaci\u00f3n y Lineamientos Generales:<\/strong><\/p>\n\n\n\n<h6 class=\"wp-block-heading\"><a href=\"https:\/\/bvs-psi.mdp.edu.ar\/wp-content\/uploads\/2024\/08\/Ley-26657.pdf\" target=\"_blank\" rel=\"noreferrer noopener\">Ley Nacional de Salud Mental<\/a><\/h6>\n\n\n\n<h6 class=\"wp-block-heading\"><a rel=\"noreferrer noopener\" href=\"https:\/\/bvs-psi.mdp.edu.ar\/wp-content\/uploads\/2024\/08\/Plan-Nacional-Salud-Mental.pdf\" target=\"_blank\">Plan Nacional de Salud Mental<\/a><\/h6>\n\n\n\n<h6 class=\"wp-block-heading\"><a href=\"https:\/\/bvs-psi.mdp.edu.ar\/wp-content\/uploads\/2024\/08\/informe_tecnico_observatorio_salud_mental.pdf\" target=\"_blank\" rel=\"noreferrer noopener\">La Salud Mental en los Medios<\/a><\/h6>\n\n\n\n<h6 class=\"wp-block-heading\"><a href=\"https:\/\/www.unicef.org\/argentina\/media\/11246\/file\/Abordajeintegraldelsuicidioenlasadolescencias.pdf\" target=\"_blank\" rel=\"noreferrer noopener\">Abordaje Integral del Suicidio en Adolescente<\/a><br><br><a href=\"https:\/\/bvs-psi.mdp.edu.ar\/wp-content\/uploads\/2024\/08\/2020-lineamientos-atencion-intento-suicidio-adolescentes.pdf\" target=\"_blank\" rel=\"noreferrer noopener\">Lineamientos sobre Intentos de Suicidio<\/a><br><br><a href=\"https:\/\/bvs-psi.mdp.edu.ar\/wp-content\/uploads\/2024\/08\/2020_lineamientos-consumo-excesivo-alcohol-adolescentes.pdf\" target=\"_blank\" rel=\"noreferrer noopener\">Lineamientos&nbsp; Atenci\u00f3n del Consumo de Alcohol en Adolescentes<\/a>&nbsp;<\/h6>\n","protected":false},"excerpt":{"rendered":"<p>LEYES DE EJERCICIO PRFESIONAL DEL PSIC\u00d3LOGO Marco Legal para el Ejercicio de la Psicolog\u00eda en el Ambito Nacional:\u2013Ley Nacional del Ejercicio Profesional.&nbsp;Ley N\u00ba 23277 \u2013Reglamentacion de la Ley Nacional del Ejerc\u00edcio Profesional. Decreto 905\/1995 Resoluciones Minsteriales: Resoluci\u00f3n N\u00ba 2447\u2013Incumbencias: T\u00edtulo de Psic\u00f3logo y Licenciado en Psicolog\u00eda. Ministerio de Educaci\u00f3n y Cultura 20\/09\/85 Resoluci\u00f3n 136\/2004\u2013Profesiones reguladas: T\u00edtulo de Licenciado en Psicolog\u00eda. Inclusi\u00f3n. Ministerio de Educaci\u00f3n, Ciencia&hellip; <\/p>\n","protected":false},"author":1,"featured_media":0,"parent":0,"menu_order":0,"comment_status":"closed","ping_status":"closed","template":"","meta":{"footnotes":""},"class_list":["post-112","page","type-page","status-publish","hentry","clearfix"],"_links":{"self":[{"href":"https:\/\/bvs-psi.mdp.edu.ar\/index.php?rest_route=\/wp\/v2\/pages\/112","targetHints":{"allow":["GET"]}}],"collection":[{"href":"https:\/\/bvs-psi.mdp.edu.ar\/index.php?rest_route=\/wp\/v2\/pages"}],"about":[{"href":"https:\/\/bvs-psi.mdp.edu.ar\/index.php?rest_route=\/wp\/v2\/types\/page"}],"author":[{"embeddable":true,"href":"https:\/\/bvs-psi.mdp.edu.ar\/index.php?rest_route=\/wp\/v2\/users\/1"}],"replies":[{"embeddable":true,"href":"https:\/\/bvs-psi.mdp.edu.ar\/index.php?rest_route=%2Fwp%2Fv2%2Fcomments&post=112"}],"version-history":[{"count":53,"href":"https:\/\/bvs-psi.mdp.edu.ar\/index.php?rest_route=\/wp\/v2\/pages\/112\/revisions"}],"predecessor-version":[{"id":1781,"href":"https:\/\/bvs-psi.mdp.edu.ar\/index.php?rest_route=\/wp\/v2\/pages\/112\/revisions\/1781"}],"wp:attachment":[{"href":"https:\/\/bvs-psi.mdp.edu.ar\/index.php?rest_route=%2Fwp%2Fv2%2Fmedia&parent=112"}],"curies":[{"name":"wp","href":"https:\/\/api.w.org\/{rel}","templated":true}]}}