{"id":138,"date":"2023-10-24T13:07:18","date_gmt":"2023-10-24T16:07:18","guid":{"rendered":"https:\/\/bvs-psi2.mdp.edu.ar\/?page_id=138"},"modified":"2026-03-27T13:37:45","modified_gmt":"2026-03-27T16:37:45","slug":"actas-comite-consultivo-bvs-psi-argentina","status":"publish","type":"page","link":"https:\/\/bvs-psi.mdp.edu.ar\/?page_id=138","title":{"rendered":"Actas Comit\u00e9 Consultivo BvS Psi Argentina"},"content":{"rendered":"\n<h2 class=\"wp-block-heading\">2026<\/h2>\n\n\n\n<h6 class=\"wp-block-heading\">&#8211; Marzo | <a href=\"https:\/\/bvs-psi.mdp.edu.ar\/wp-content\/uploads\/2026\/03\/BVS-Acta-marzo-26.pdf\" target=\"_blank\" rel=\"noreferrer noopener\">Acta<\/a><\/h6>\n\n\n\n<hr class=\"wp-block-separator has-alpha-channel-opacity\"\/>\n\n\n\n<h2 class=\"wp-block-heading\">2025<\/h2>\n\n\n\n<h6 class=\"wp-block-heading\">&#8211; Noviembre | <a href=\"https:\/\/bvs-psi.mdp.edu.ar\/wp-content\/uploads\/2025\/11\/BVS-Acta-noviembre-25.pdf\" target=\"_blank\" rel=\"noreferrer noopener\">Acta<\/a><\/h6>\n\n\n\n<h6 class=\"wp-block-heading\">&#8211; Agosto |<a href=\"https:\/\/bvs-psi.mdp.edu.ar\/wp-content\/uploads\/2025\/09\/BVS-Acta-Agosto-25.pdf\" target=\"_blank\" rel=\"noreferrer noopener\"> Acta<\/a><\/h6>\n\n\n\n<h6 class=\"wp-block-heading\">&#8211; Mayo |<a href=\"https:\/\/bvs-psi.mdp.edu.ar\/wp-content\/uploads\/2025\/07\/BVS-Acta-mayo-25.pdf\" target=\"_blank\" rel=\"noreferrer noopener\"> Acta<\/a><\/h6>\n\n\n\n<h6 class=\"wp-block-heading\">&#8211; Marzo | <a href=\"https:\/\/bvs-psi.mdp.edu.ar\/wp-content\/uploads\/2025\/03\/BVS-Acta-marzo-25.pdf\" target=\"_blank\" rel=\"noreferrer noopener\">Acta<\/a><\/h6>\n\n\n\n<hr class=\"wp-block-separator has-alpha-channel-opacity\"\/>\n\n\n\n<h2 class=\"wp-block-heading\">2024<\/h2>\n\n\n\n<h6 class=\"wp-block-heading\">&#8211; Noviembre | <a href=\"https:\/\/bvs-psi.mdp.edu.ar\/wp-content\/uploads\/2025\/03\/BVS-Acta-noviembre-24.pdf\" target=\"_blank\" rel=\"noreferrer noopener\">Acta<\/a><\/h6>\n\n\n\n<h6 class=\"wp-block-heading\">&#8211; Agosto | <a rel=\"noreferrer noopener\" href=\"https:\/\/bvs-psi.mdp.edu.ar\/wp-content\/uploads\/2024\/11\/BVS-Acta-agosto-24.pdf\" target=\"_blank\">Acta<\/a><\/h6>\n\n\n\n<h6 class=\"wp-block-heading\">&#8211; Mayo | <a rel=\"noreferrer noopener\" href=\"https:\/\/bvs-psi.mdp.edu.ar\/wp-content\/uploads\/2024\/05\/BVS-Acta-mayo-24.pdf\" target=\"_blank\">Acta<\/a><\/h6>\n\n\n\n<h6 class=\"wp-block-heading\">&#8211; Marzo | <a rel=\"noreferrer noopener\" href=\"https:\/\/bvs-psi.mdp.edu.ar\/wp-content\/uploads\/2024\/04\/BVS-Acta-marzo-24-1.pdf\" target=\"_blank\">Acta<\/a><\/h6>\n\n\n\n<hr class=\"wp-block-separator has-alpha-channel-opacity\"\/>\n\n\n\n<h2 class=\"wp-block-heading\">2023<\/h2>\n\n\n\n<h6 class=\"wp-block-heading\">&#8211; Octubre | <a href=\"https:\/\/bvs-psi.mdp.edu.ar\/wp-content\/uploads\/2024\/08\/BVS-Acta-octubre-23.pdf\" target=\"_blank\" rel=\"noreferrer noopener\">Acta<\/a><\/h6>\n\n\n\n<h6 class=\"wp-block-heading\">&#8211; Septiembre | <a href=\"https:\/\/bvs-psi.mdp.edu.ar\/wp-content\/uploads\/2024\/08\/BVS-Acta-septiembre-23.pdf\" target=\"_blank\" rel=\"noreferrer noopener\">Acta<\/a><\/h6>\n\n\n\n<h6 class=\"wp-block-heading\">&#8211; Julio | <a href=\"https:\/\/bvs-psi.mdp.edu.ar\/wp-content\/uploads\/2024\/08\/BVS-Acta-julio-23.pdf\" target=\"_blank\" rel=\"noreferrer noopener\">Acta<\/a><\/h6>\n\n\n\n<h6 class=\"wp-block-heading\">\u2013 Mayo |&nbsp;<a rel=\"noreferrer noopener\" href=\"https:\/\/bvs-psi.mdp.edu.ar\/wp-content\/uploads\/2024\/04\/BVS-Acta-mayo-23.pdf\" target=\"_blank\">Acta<\/a>&nbsp;|&nbsp;Foto<\/h6>\n\n\n\n<h6 class=\"wp-block-heading\">\u2013 Marzo |&nbsp;<a href=\"https:\/\/bvs-psi.mdp.edu.ar\/wp-content\/uploads\/2024\/04\/BVS-Acta-marzo-23.pdf\" target=\"_blank\" rel=\"noreferrer noopener\">Acta<\/a><\/h6>\n\n\n\n<hr class=\"wp-block-separator has-alpha-channel-opacity\"\/>\n\n\n\n<h2 class=\"wp-block-heading\">2022<\/h2>\n\n\n\n<h6 class=\"wp-block-heading\">\u2013 Diciembre |&nbsp;<a href=\"https:\/\/bvs-psi.mdp.edu.ar\/wp-content\/uploads\/2024\/04\/BVS-Acta-diciembre-22.pdf\" target=\"_blank\" rel=\"noreferrer noopener\">Acta<\/a>&nbsp;|&nbsp;Foto<\/h6>\n\n\n\n<h6 class=\"wp-block-heading\">\u2013 Octubre |&nbsp;<a href=\"https:\/\/bvs-psi.mdp.edu.ar\/wp-content\/uploads\/2024\/04\/BVS-Acta-octubre-22.pdf\" target=\"_blank\" rel=\"noreferrer noopener\">Acta<\/a><\/h6>\n\n\n\n<h6 class=\"wp-block-heading\">\u2013 Septiembre |&nbsp;<a href=\"https:\/\/bvs-psi.mdp.edu.ar\/wp-content\/uploads\/2024\/04\/BVS-Acta-setiembre-22.pdf\" target=\"_blank\" rel=\"noreferrer noopener\">Acta<\/a><\/h6>\n\n\n\n<h6 class=\"wp-block-heading\">\u2013 Agosto |&nbsp;<a href=\"https:\/\/bvs-psi.mdp.edu.ar\/wp-content\/uploads\/2024\/04\/BVS-Acta-agosto-22.pdf\" target=\"_blank\" rel=\"noreferrer noopener\">Acta<\/a><\/h6>\n\n\n\n<h6 class=\"wp-block-heading\">\u2013 Abril |&nbsp;<a href=\"https:\/\/bvs-psi.mdp.edu.ar\/wp-content\/uploads\/2024\/04\/BVS-Acta-abril-22.pdf\" target=\"_blank\" rel=\"noreferrer noopener\">Acta<\/a><\/h6>\n\n\n\n<hr class=\"wp-block-separator has-alpha-channel-opacity\"\/>\n\n\n\n<h2 class=\"wp-block-heading\">2021<\/h2>\n\n\n\n<h6 class=\"wp-block-heading\">\u2013 Diciembre |&nbsp;<a href=\"https:\/\/bvs-psi.mdp.edu.ar\/wp-content\/uploads\/2024\/04\/BVS-Acta-diciembre-21.pdf\" target=\"_blank\" rel=\"noreferrer noopener\">Acta<\/a><\/h6>\n\n\n\n<h6 class=\"wp-block-heading\">\u2013 Mayo |&nbsp;<a href=\"https:\/\/bvs-psi.mdp.edu.ar\/wp-content\/uploads\/2024\/04\/BVS-Acta-mayo-21.pdf\" target=\"_blank\" rel=\"noreferrer noopener\">Acta<\/a>&nbsp;|&nbsp;Foto<\/h6>\n\n\n\n<h6 class=\"wp-block-heading\">\u2013 Marzo |&nbsp;<a href=\"https:\/\/bvs-psi.mdp.edu.ar\/wp-content\/uploads\/2024\/04\/BVS-Acta-marzo-21.pdf\" target=\"_blank\" rel=\"noreferrer noopener\">Acta<\/a>&nbsp;|&nbsp;Foto&nbsp;|&nbsp;Foto<\/h6>\n\n\n\n<hr class=\"wp-block-separator has-alpha-channel-opacity\"\/>\n\n\n\n<h2 class=\"wp-block-heading\">2020<\/h2>\n\n\n\n<h6 class=\"wp-block-heading\">\u2013 Noviembre |&nbsp;<a href=\"https:\/\/bvs-psi.mdp.edu.ar\/wp-content\/uploads\/2024\/04\/BVS-Acta-noviembre-20.pdf\" target=\"_blank\" rel=\"noreferrer noopener\">Acta<\/a><\/h6>\n\n\n\n<h6 class=\"wp-block-heading\">\u2013 Octubre |&nbsp;<a href=\"https:\/\/bvs-psi.mdp.edu.ar\/wp-content\/uploads\/2024\/04\/BVS-Acta-octubre-20.pdf\" target=\"_blank\" rel=\"noreferrer noopener\">Acta<\/a>&nbsp;|&nbsp;Foto&nbsp;|&nbsp;Foto<\/h6>\n\n\n\n<h6 class=\"wp-block-heading\">\u2013 Abril |&nbsp;<a href=\"https:\/\/bvs-psi.mdp.edu.ar\/wp-content\/uploads\/2024\/04\/BVS-Acta-abril-20.pdf\" target=\"_blank\" rel=\"noreferrer noopener\">Acta<\/a>&nbsp;|&nbsp;Foto<\/h6>\n\n\n\n<hr class=\"wp-block-separator has-alpha-channel-opacity\"\/>\n\n\n\n<h2 class=\"wp-block-heading\">2019<\/h2>\n\n\n\n<h6 class=\"wp-block-heading\">\u2013 Noviembre |&nbsp;<a href=\"https:\/\/bvs-psi.mdp.edu.ar\/wp-content\/uploads\/2024\/04\/BVS-Acta-noviembre-19.pdf\" target=\"_blank\" rel=\"noreferrer noopener\">Acta<\/a>&nbsp;|&nbsp;Foto<\/h6>\n\n\n\n<h6 class=\"wp-block-heading\">\u2013 Octubre |&nbsp;<a href=\"https:\/\/bvs-psi.mdp.edu.ar\/wp-content\/uploads\/2024\/04\/BVS-Acta-octubre-19.pdf\" target=\"_blank\" rel=\"noreferrer noopener\">Acta<\/a><\/h6>\n\n\n\n<h6 class=\"wp-block-heading\">\u2013 Junio |&nbsp;<a href=\"https:\/\/bvs-psi.mdp.edu.ar\/wp-content\/uploads\/2024\/04\/BVS-Acta-junio-19.pdf\" target=\"_blank\" rel=\"noreferrer noopener\">Acta<\/a><\/h6>\n\n\n\n<h6 class=\"wp-block-heading\">\u2013 Marzo |&nbsp;<a href=\"https:\/\/bvs-psi.mdp.edu.ar\/wp-content\/uploads\/2024\/04\/BVS-Acta-marzo-19.pdf\" target=\"_blank\" rel=\"noreferrer noopener\">Acta<\/a><\/h6>\n\n\n\n<hr class=\"wp-block-separator has-alpha-channel-opacity\"\/>\n\n\n\n<h2 class=\"wp-block-heading\">2018<\/h2>\n\n\n\n<h6 class=\"wp-block-heading\">\u2013 Noviembre |&nbsp;<a href=\"https:\/\/bvs-psi.mdp.edu.ar\/wp-content\/uploads\/2024\/04\/BVS-Acta-noviembre-18.pdf\" target=\"_blank\" rel=\"noreferrer noopener\">Acta<\/a>&nbsp;|&nbsp;Foto&nbsp;|&nbsp;Foto1<\/h6>\n\n\n\n<h6 class=\"wp-block-heading\">\u2013 Junio |&nbsp;<a href=\"https:\/\/bvs-psi.mdp.edu.ar\/wp-content\/uploads\/2024\/04\/BVS-Acta-junio-18.pdf\" target=\"_blank\" rel=\"noreferrer noopener\">Acta<\/a>&nbsp;|&nbsp;Foto&nbsp;|&nbsp;Foto1&nbsp;|&nbsp;Foto2&nbsp;|&nbsp;Foto3<\/h6>\n\n\n\n<hr class=\"wp-block-separator has-alpha-channel-opacity\"\/>\n\n\n\n<h2 class=\"wp-block-heading\">2017<\/h2>\n\n\n\n<h6 class=\"wp-block-heading\">\u2013 Diciembre | <a href=\"https:\/\/bvs-psi.mdp.edu.ar\/wp-content\/uploads\/2024\/04\/BVS-Acta-diciembre-17.pdf\" target=\"_blank\" rel=\"noreferrer noopener\">Acta<\/a><\/h6>\n\n\n\n<h6 class=\"wp-block-heading\">\u2013 Marzo | <a href=\"https:\/\/bvs-psi.mdp.edu.ar\/wp-content\/uploads\/2024\/04\/BVS-Acta-marzo-17.pdf\" target=\"_blank\" rel=\"noreferrer noopener\">Acta<\/a><\/h6>\n\n\n\n<hr class=\"wp-block-separator has-alpha-channel-opacity\"\/>\n\n\n\n<h2 class=\"wp-block-heading\">2016<\/h2>\n\n\n\n<h6 class=\"wp-block-heading\">&#8211; Noviembre | <a rel=\"noreferrer noopener\" href=\"https:\/\/bvs-psi.mdp.edu.ar\/wp-content\/uploads\/2024\/08\/BVS-Acta-noviembre-16.pdf\" target=\"_blank\">Acta<\/a><\/h6>\n\n\n\n<h6 class=\"wp-block-heading\">\u2013 Marzo |&nbsp;<a rel=\"noreferrer noopener\" href=\"https:\/\/bvs-psi.mdp.edu.ar\/wp-content\/uploads\/2024\/04\/BVS-Acta-marzo-16.pdf\" target=\"_blank\">Acta<\/a><\/h6>\n\n\n\n<hr class=\"wp-block-separator has-alpha-channel-opacity\"\/>\n\n\n\n<h2 class=\"wp-block-heading\">2015<\/h2>\n\n\n\n<h6 class=\"wp-block-heading\">\u2013 Noviembre |&nbsp;<a href=\"https:\/\/bvs-psi.mdp.edu.ar\/wp-content\/uploads\/2024\/04\/BVS-Acta-noviembre-15.pdf\" target=\"_blank\" rel=\"noreferrer noopener\">Acta<\/a><\/h6>\n\n\n\n<h6 class=\"wp-block-heading\">\u2013 Marzo |&nbsp;<a href=\"https:\/\/bvs-psi.mdp.edu.ar\/wp-content\/uploads\/2024\/04\/BVS-Acta-marzo-15.pdf\" target=\"_blank\" rel=\"noreferrer noopener\">Acta<\/a>&nbsp;| Foto<\/h6>\n\n\n\n<hr class=\"wp-block-separator has-alpha-channel-opacity\"\/>\n\n\n\n<h2 class=\"wp-block-heading\">2014<\/h2>\n\n\n\n<h6 class=\"wp-block-heading\">\u2013 Noviembre |&nbsp;<a rel=\"noreferrer noopener\" href=\"https:\/\/bvs-psi.mdp.edu.ar\/wp-content\/uploads\/2024\/04\/BVS-Acta-noviembre-14.pdf\" target=\"_blank\">Acta<\/a>&nbsp;|&nbsp;Foto 1&nbsp;|&nbsp;Foto 2<\/h6>\n\n\n\n<h6 class=\"wp-block-heading\">\u2013&nbsp;Noviembre |&nbsp;<a rel=\"noreferrer noopener\" href=\"https:\/\/bvs-psi.mdp.edu.ar\/wp-content\/uploads\/2024\/04\/BVS-Acta-07-11-14.pdf\" target=\"_blank\">Acta<\/a>&nbsp;| Foto<\/h6>\n\n\n\n<h6 class=\"wp-block-heading\">\u2013 Marzo |&nbsp;<a href=\"https:\/\/bvs-psi.mdp.edu.ar\/wp-content\/uploads\/2024\/04\/BVS-Acta-marzo-14.pdf\" target=\"_blank\" rel=\"noreferrer noopener\">Acta<\/a><\/h6>\n\n\n\n<hr class=\"wp-block-separator has-alpha-channel-opacity\"\/>\n\n\n\n<h2 class=\"wp-block-heading\">2013<\/h2>\n\n\n\n<h6 class=\"wp-block-heading\">\u2013 Noviembre |&nbsp;<a rel=\"noreferrer noopener\" href=\"https:\/\/bvs-psi.mdp.edu.ar\/wp-content\/uploads\/2024\/04\/Bvs-Acta-noviembre-13.pdf\" target=\"_blank\">Acta<\/a>&nbsp;|&nbsp;Foto<\/h6>\n\n\n\n<h6 class=\"wp-block-heading\">&#8211; Julio | <a rel=\"noreferrer noopener\" href=\"https:\/\/bvs-psi.mdp.edu.ar\/wp-content\/uploads\/2024\/04\/BVS-Psi-EncuentroEditoresBrasilia-julio-13.pdf\" target=\"_blank\">Encuentro Editores Brasilia<\/a><\/h6>\n\n\n\n<h6 class=\"wp-block-heading\">\u2013 Marzo |&nbsp;<a href=\"https:\/\/bvs-psi.mdp.edu.ar\/wp-content\/uploads\/2024\/04\/BVS-Acta-marzo-13.pdf\" target=\"_blank\" rel=\"noreferrer noopener\">Acta<\/a><\/h6>\n\n\n\n<hr class=\"wp-block-separator has-alpha-channel-opacity\"\/>\n\n\n\n<h2 class=\"wp-block-heading\">2012<\/h2>\n\n\n\n<h6 class=\"wp-block-heading\">\u2013 Noviembre |&nbsp;<a rel=\"noreferrer noopener\" href=\"https:\/\/bvs-psi.mdp.edu.ar\/wp-content\/uploads\/2024\/04\/BVS-Acta-noviembre-12.pdf\" target=\"_blank\">Acta<\/a>&nbsp;|&nbsp;<a rel=\"noreferrer noopener\" href=\"https:\/\/bvs-psi.mdp.edu.ar\/wp-content\/uploads\/2024\/04\/Nota-a-los-miembros-de-la-BVS-Psi.pdf\" target=\"_blank\">Nota a los miembros<\/a>&nbsp;|&nbsp;Foto 1&nbsp;| &nbsp;Foto 2&nbsp;|&nbsp;Foto 3&nbsp;|&nbsp;Foto 4<\/h6>\n\n\n\n<h6 class=\"wp-block-heading\">\u2013 Junio |&nbsp;<a href=\"https:\/\/bvs-psi.mdp.edu.ar\/wp-content\/uploads\/2024\/04\/BVS-Acta-junio-12.pdf\" target=\"_blank\" rel=\"noreferrer noopener\">Acta<\/a><\/h6>\n\n\n\n<h6 class=\"wp-block-heading\">\u2013 Marzo |&nbsp;<a href=\"https:\/\/bvs-psi.mdp.edu.ar\/wp-content\/uploads\/2024\/04\/BVS-Acta-marzo-12.pdf\">Ac<\/a><a rel=\"noreferrer noopener\" href=\"https:\/\/bvs-psi.mdp.edu.ar\/wp-content\/uploads\/2024\/04\/BVS-Acta-marzo-12.pdf\" target=\"_blank\">t<\/a><a href=\"https:\/\/bvs-psi.mdp.edu.ar\/wp-content\/uploads\/2024\/04\/BVS-Acta-marzo-12.pdf\">a&nbsp;<\/a>|&nbsp;Foto 1&nbsp;|&nbsp;Foto 2&nbsp;|&nbsp;Foto 3<\/h6>\n\n\n\n<hr class=\"wp-block-separator has-alpha-channel-opacity\"\/>\n\n\n\n<h2 class=\"wp-block-heading\">2011<\/h2>\n\n\n\n<h6 class=\"wp-block-heading\">\u2013 Noviembre | <a href=\"https:\/\/bvs-psi.mdp.edu.ar\/wp-content\/uploads\/2024\/04\/BVS-Acta-noviembre-11.pdf\" target=\"_blank\" rel=\"noreferrer noopener\">Acta<\/a> | Curso de Capacitaci\u00f3n.<\/h6>\n\n\n\n<h6 class=\"wp-block-heading\">\u2013 Agosto | <a href=\"https:\/\/bvs-psi.mdp.edu.ar\/wp-content\/uploads\/2024\/04\/BVS-Acta-agosto-11.pdf\" target=\"_blank\" rel=\"noreferrer noopener\">Acta<\/a><\/h6>\n\n\n\n<h6 class=\"wp-block-heading\">\u2013 Marzo | <a href=\"https:\/\/bvs-psi.mdp.edu.ar\/wp-content\/uploads\/2024\/04\/BVS-Acta-marzo-11.pdf\">Acta<\/a> | Se incorpora el Instituto Semper, sede Corrientes de la Universidad Cat\u00f3lica de Salta. Reuni\u00f3n del Comit\u00e9 Consultivo.<\/h6>\n\n\n\n<hr class=\"wp-block-separator has-alpha-channel-opacity\"\/>\n\n\n\n<h2 class=\"wp-block-heading\">2010<\/h2>\n\n\n\n<h6 class=\"wp-block-heading\">&#8211; Septiembre | <a rel=\"noreferrer noopener\" href=\"https:\/\/bvs-psi.mdp.edu.ar\/wp-content\/uploads\/2024\/04\/BVS-Psi-InformeSaoPaulo-septiembre-10.pdf\" target=\"_blank\">Informe S\u00e2o Paulo<\/a><\/h6>\n\n\n\n<h6 class=\"wp-block-heading\">&#8211; Agosto | <a rel=\"noreferrer noopener\" href=\"https:\/\/bvs-psi.mdp.edu.ar\/wp-content\/uploads\/2024\/04\/BVS-Acta-agosto-10.pdf\" target=\"_blank\">Acta<\/a><\/h6>\n\n\n\n<h6 class=\"wp-block-heading\">&#8211; Mayo | <a rel=\"noreferrer noopener\" href=\"https:\/\/www.diputados.gob.ar\/comisiones\/permanentes\/casyspublica\/proyecto.html?exp=1261-D-2010\" target=\"_blank\">Camara de Diputados Argentina: Declaraci\u00f3n de Inter\u00e9s &#8211; BvS Psi Argentina<\/a> <em>(Sesi\u00f3n Parlamentaria)<\/em> | <strong><a rel=\"noreferrer noopener\" href=\"https:\/\/bvs-psi.mdp.edu.ar\/wp-content\/uploads\/2024\/07\/128-237.pdf\" target=\"_blank\">Documento Final<\/a><\/strong><\/h6>\n\n\n\n<h6 class=\"wp-block-heading\">&#8211; Marzo | <a rel=\"noreferrer noopener\" href=\"https:\/\/bvs-psi.mdp.edu.ar\/wp-content\/uploads\/2024\/04\/BVS-Acta-marzo-10.pdf\" target=\"_blank\">Acta<\/a><\/h6>\n\n\n\n<hr class=\"wp-block-separator has-alpha-channel-opacity\"\/>\n\n\n\n<h2 class=\"wp-block-heading\">2009<\/h2>\n\n\n\n<h6 class=\"wp-block-heading\">&#8211; Agosto | <a rel=\"noreferrer noopener\" href=\"https:\/\/bvs-psi.mdp.edu.ar\/wp-content\/uploads\/2024\/04\/BVS-Acta-agosto-09.pdf\" target=\"_blank\">Acta<\/a> | <a rel=\"noreferrer noopener\" href=\"https:\/\/bvs-psi.mdp.edu.ar\/wp-content\/uploads\/2024\/04\/BVS-Psi-Acta-06-08-09-Red-de-Editories.pdf\" target=\"_blank\">Reuni\u00f3n Red de Editores<\/a><\/h6>\n\n\n\n<h6 class=\"wp-block-heading\">&#8211; Abril | <a rel=\"noreferrer noopener\" href=\"https:\/\/bvs-psi.mdp.edu.ar\/wp-content\/uploads\/2024\/04\/BVS-Acta-abril-09.pdf\" target=\"_blank\">Acta<\/a> | <a rel=\"noreferrer noopener\" href=\"https:\/\/bvs-psi.mdp.edu.ar\/wp-content\/uploads\/2024\/07\/Matriz_ResponsabilidadesULAPSI2009_Abril.pdf\" target=\"_blank\">Matriz de Responsabilidades (ULAPSI)<\/a><\/h6>\n\n\n\n<h6 class=\"wp-block-heading\">&#8211; Marzo | <a rel=\"noreferrer noopener\" href=\"https:\/\/bvs-psi.mdp.edu.ar\/wp-content\/uploads\/2024\/07\/Reunion-Virtual-preparatoria.pdf\" target=\"_blank\">Reuni\u00f3n Virtual Preparat\u00f3ria &#8211; Lanzamiento de BVS ULAPSI<\/a><\/h6>\n\n\n\n<hr class=\"wp-block-separator has-alpha-channel-opacity\"\/>\n\n\n\n<h2 class=\"wp-block-heading\">2008<\/h2>\n\n\n\n<h6 class=\"wp-block-heading\">&#8211; Agosto | <a rel=\"noreferrer noopener\" href=\"https:\/\/bvs-psi.mdp.edu.ar\/wp-content\/uploads\/2024\/04\/BVS-Acta-agosto-08.pdf\" target=\"_blank\">Acta<\/a> | La <a rel=\"noreferrer noopener\" href=\"https:\/\/bvs-psi.mdp.edu.ar\/wp-content\/uploads\/2024\/04\/BVS-Psi-XV-Jornadas-de-Investigacion-en-Psicologia-agosto-08.pdf\" target=\"_blank\">BvS Psi Argentina<\/a> en las <strong><em>XV Jornadas de Investigaci\u00f3n en Psicologia<\/em><\/strong> &#8211; 7 al 9 de agosto de 2008<\/h6>\n\n\n\n<h6 class=\"wp-block-heading\">&#8211; Julio | <a rel=\"noreferrer noopener\" href=\"https:\/\/bvs-psi.mdp.edu.ar\/wp-content\/uploads\/2024\/04\/BVS-Acta-julio-08.pdf\" target=\"_blank\">Acta<\/a><\/h6>\n\n\n\n<h6 class=\"wp-block-heading\">&#8211; Mayo | <a rel=\"noreferrer noopener\" href=\"https:\/\/bvs-psi.mdp.edu.ar\/wp-content\/uploads\/2024\/04\/Informe-BVS-Psi-Argentina-Mayo-2008.pdf\" target=\"_blank\">Informe<\/a><\/h6>\n\n\n\n<h6 class=\"wp-block-heading\">&#8211; Marzo | <a rel=\"noreferrer noopener\" href=\"https:\/\/bvs-psi.mdp.edu.ar\/wp-content\/uploads\/2024\/04\/BVS-Psi-MiembrosComiteConsultivo-marzo-08.pdf\" target=\"_blank\">Listado Miembros Comit\u00e9 Consultivo<\/a><\/h6>\n\n\n\n<hr class=\"wp-block-separator has-alpha-channel-opacity\"\/>\n\n\n\n<h2 class=\"wp-block-heading\">2007<\/h2>\n\n\n\n<h6 class=\"wp-block-heading\">&#8211; Agosto | <a rel=\"noreferrer noopener\" href=\"https:\/\/bvs-psi.mdp.edu.ar\/wp-content\/uploads\/2024\/04\/BVS_ULAPSIRelatoria-agosto-07.pdf\" target=\"_blank\">Relator\u00eda<\/a> &#8211; II Encuentro &#8211; III Reuni\u00f3n Comit\u00e9 Consultivo &#8211; I Encuentro Editores de Psicolog\u00eda de Am\u00e9rica Latina &#8211; I Reuni\u00f3n del Grupo de Trabajo Terminolog\u00eda &#8211; Avances de la BvS Psi Ulapsi<\/h6>\n\n\n\n<h6 class=\"wp-block-heading\">La <a href=\"https:\/\/bvs-psi.mdp.edu.ar\/wp-content\/uploads\/2024\/04\/BVS-Psi-XIV-Jornadas-de-Investigacion-en-Psicologia-agosto-07.pdf\" target=\"_blank\" rel=\"noreferrer noopener\">BvS Psi Argentina<\/a> en las <strong><em>XIV Jornadas de Investigaci\u00f3n en Psicolog\u00eda<\/em><\/strong> &#8211; 9 al 11 de agosto de 2007<\/h6>\n\n\n\n<hr class=\"wp-block-separator has-alpha-channel-opacity\"\/>\n\n\n\n<h2 class=\"wp-block-heading\">2006<\/h2>\n\n\n\n<h6 class=\"wp-block-heading\">&#8211; Agosto | <a rel=\"noreferrer noopener\" href=\"https:\/\/bvs-psi.mdp.edu.ar\/wp-content\/uploads\/2024\/07\/RelatoriaEncuentroAgosto2006.pdf\" target=\"_blank\">Relator\u00eda<\/a> &#8211; I Encuentro de la Biblioteca Virtual de Psicolog\u00eda &#8211; 10 al 12 de Agosto de 2006.<\/h6>\n","protected":false},"excerpt":{"rendered":"<p>2026 &#8211; Marzo | Acta 2025 &#8211; Noviembre | Acta &#8211; Agosto | Acta &#8211; Mayo | Acta &#8211; Marzo | Acta 2024 &#8211; Noviembre | Acta &#8211; Agosto | Acta &#8211; Mayo | Acta &#8211; Marzo | Acta 2023 &#8211; Octubre | Acta &#8211; Septiembre | Acta &#8211; Julio | Acta \u2013 Mayo |&nbsp;Acta&nbsp;|&nbsp;Foto \u2013 Marzo |&nbsp;Acta 2022 \u2013 Diciembre |&nbsp;Acta&nbsp;|&nbsp;Foto \u2013 Octubre |&nbsp;Acta&hellip; <\/p>\n","protected":false},"author":1,"featured_media":0,"parent":0,"menu_order":0,"comment_status":"closed","ping_status":"closed","template":"","meta":{"footnotes":""},"class_list":["post-138","page","type-page","status-publish","hentry","clearfix"],"_links":{"self":[{"href":"https:\/\/bvs-psi.mdp.edu.ar\/index.php?rest_route=\/wp\/v2\/pages\/138","targetHints":{"allow":["GET"]}}],"collection":[{"href":"https:\/\/bvs-psi.mdp.edu.ar\/index.php?rest_route=\/wp\/v2\/pages"}],"about":[{"href":"https:\/\/bvs-psi.mdp.edu.ar\/index.php?rest_route=\/wp\/v2\/types\/page"}],"author":[{"embeddable":true,"href":"https:\/\/bvs-psi.mdp.edu.ar\/index.php?rest_route=\/wp\/v2\/users\/1"}],"replies":[{"embeddable":true,"href":"https:\/\/bvs-psi.mdp.edu.ar\/index.php?rest_route=%2Fwp%2Fv2%2Fcomments&post=138"}],"version-history":[{"count":140,"href":"https:\/\/bvs-psi.mdp.edu.ar\/index.php?rest_route=\/wp\/v2\/pages\/138\/revisions"}],"predecessor-version":[{"id":2480,"href":"https:\/\/bvs-psi.mdp.edu.ar\/index.php?rest_route=\/wp\/v2\/pages\/138\/revisions\/2480"}],"wp:attachment":[{"href":"https:\/\/bvs-psi.mdp.edu.ar\/index.php?rest_route=%2Fwp%2Fv2%2Fmedia&parent=138"}],"curies":[{"name":"wp","href":"https:\/\/api.w.org\/{rel}","templated":true}]}}