{"id":2260,"date":"2025-07-29T13:38:47","date_gmt":"2025-07-29T16:38:47","guid":{"rendered":"https:\/\/bvs-psi.mdp.edu.ar\/?page_id=2260"},"modified":"2025-07-30T13:43:46","modified_gmt":"2025-07-30T16:43:46","slug":"psicologia-e-inteligencia-artificial","status":"publish","type":"page","link":"https:\/\/bvs-psi.mdp.edu.ar\/?page_id=2260","title":{"rendered":"Psicolog\u00eda e Inteligencia Artificial"},"content":{"rendered":"\t\t<div data-elementor-type=\"wp-page\" data-elementor-id=\"2260\" class=\"elementor elementor-2260\">\n\t\t\t\t\t\t<section class=\"elementor-section elementor-top-section elementor-element elementor-element-651ef4f elementor-section-boxed elementor-section-height-default elementor-section-height-default wpr-particle-no wpr-jarallax-no wpr-parallax-no wpr-sticky-section-no\" data-id=\"651ef4f\" data-element_type=\"section\" data-e-type=\"section\">\n\t\t\t\t\t\t<div class=\"elementor-container elementor-column-gap-default\">\n\t\t\t\t\t<div class=\"elementor-column elementor-col-100 elementor-top-column elementor-element elementor-element-fc2e361\" data-id=\"fc2e361\" data-element_type=\"column\" data-e-type=\"column\">\n\t\t\t<div class=\"elementor-widget-wrap elementor-element-populated\">\n\t\t\t\t\t\t<div class=\"elementor-element elementor-element-23ac11b elementor-fixed elementor-widget-divider--view-line elementor-widget elementor-widget-divider\" data-id=\"23ac11b\" data-element_type=\"widget\" data-e-type=\"widget\" data-settings=\"{&quot;_position&quot;:&quot;fixed&quot;}\" data-widget_type=\"divider.default\">\n\t\t\t\t\t\t\t<div class=\"elementor-divider\">\n\t\t\t<span class=\"elementor-divider-separator\">\n\t\t\t\t\t\t<\/span>\n\t\t<\/div>\n\t\t\t\t\t\t<\/div>\n\t\t\t\t\t<\/div>\n\t\t<\/div>\n\t\t\t\t\t<\/div>\n\t\t<\/section>\n\t\t\t\t<section class=\"elementor-section elementor-top-section elementor-element elementor-element-7e83d402 elementor-section-stretched elementor-section-boxed elementor-section-height-default elementor-section-height-default wpr-particle-no wpr-jarallax-no wpr-parallax-no wpr-sticky-section-no\" data-id=\"7e83d402\" data-element_type=\"section\" data-e-type=\"section\" data-settings=\"{&quot;stretch_section&quot;:&quot;section-stretched&quot;}\">\n\t\t\t\t\t\t<div class=\"elementor-container elementor-column-gap-default\">\n\t\t\t\t\t<div class=\"elementor-column elementor-col-100 elementor-top-column elementor-element elementor-element-39b9ae97\" data-id=\"39b9ae97\" data-element_type=\"column\" data-e-type=\"column\">\n\t\t\t<div class=\"elementor-widget-wrap elementor-element-populated\">\n\t\t\t\t\t\t<div class=\"elementor-element elementor-element-79c3e1b elementor-widget elementor-widget-text-editor\" data-id=\"79c3e1b\" data-element_type=\"widget\" data-e-type=\"widget\" data-widget_type=\"text-editor.default\">\n\t\t\t\t\t\t\t\t\t\n<h4 class=\"wp-block-heading\"><strong>Lecturas Acad\u00e9micas sobre Psicolog\u00eda e Inteligencia Artificial en la Actualidad<\/strong><\/h4>\n\n\n\n<p>En esta secci\u00f3n, encontrar\u00e1s una selecci\u00f3n de lecturas acad\u00e9micas y recursos especializados que abordan las \u00faltimas tendencias y avances en los campos de la Psicolog\u00eda y la Inteligencia Artificial. Nuestro objetivo es ofrecerte informaci\u00f3n actualizada y rigurosa, facilitando el acceso a conocimientos relevantes y de calidad para quienes desean profundizar en estas tem\u00e1ticas tan apasionantes y en constante evoluci\u00f3n.<\/p>\n\n\n\n<p>Explora art\u00edculos, estudios y an\u00e1lisis que te ayudar\u00e1n a entender c\u00f3mo la Psicolog\u00eda y la Inteligencia Artificial se intersectan en la actualidad, abriendo nuevas posibilidades y desaf\u00edos en el \u00e1mbito cient\u00edfico, tecnol\u00f3gico y social.<\/p>\n\t\t\t\t\t\t\t\t<\/div>\n\t\t\t\t\t<\/div>\n\t\t<\/div>\n\t\t\t\t\t<\/div>\n\t\t<\/section>\n\t\t\t\t<section class=\"elementor-section elementor-top-section elementor-element elementor-element-21c032d elementor-section-stretched elementor-section-boxed elementor-section-height-default elementor-section-height-default wpr-particle-no wpr-jarallax-no wpr-parallax-no wpr-sticky-section-no\" data-id=\"21c032d\" data-element_type=\"section\" data-e-type=\"section\" data-settings=\"{&quot;stretch_section&quot;:&quot;section-stretched&quot;}\">\n\t\t\t\t\t\t<div class=\"elementor-container elementor-column-gap-default\">\n\t\t\t\t\t<div class=\"elementor-column elementor-col-25 elementor-top-column elementor-element elementor-element-3621f65\" data-id=\"3621f65\" data-element_type=\"column\" data-e-type=\"column\">\n\t\t\t<div class=\"elementor-widget-wrap elementor-element-populated\">\n\t\t\t\t\t\t<div class=\"elementor-element elementor-element-1ee69fa elementor-invisible elementor-widget elementor-widget-image\" data-id=\"1ee69fa\" data-element_type=\"widget\" data-e-type=\"widget\" data-settings=\"{&quot;_animation&quot;:&quot;rotateIn&quot;}\" data-widget_type=\"image.default\">\n\t\t\t\t\t\t\t\t\t\t\t\t<figure class=\"wp-caption\">\n\t\t\t\t\t\t\t\t\t\t\t<a href=\"https:\/\/www.uoc.edu\/es\/news\/2024\/intelligencia-artificial-en-psicologia-aliada-o-enemiga\" target=\"_blank\">\n\t\t\t\t\t\t\t<img decoding=\"async\" width=\"150\" height=\"150\" src=\"https:\/\/bvs-psi.mdp.edu.ar\/wp-content\/uploads\/2025\/07\/200499260-icon-artificial-intelligence-related-to-psychology-personality-symbol-simple-design-editable-150x150.jpg\" class=\"attachment-thumbnail size-thumbnail wp-image-2272\" alt=\"\" srcset=\"https:\/\/bvs-psi.mdp.edu.ar\/wp-content\/uploads\/2025\/07\/200499260-icon-artificial-intelligence-related-to-psychology-personality-symbol-simple-design-editable-150x150.jpg 150w, https:\/\/bvs-psi.mdp.edu.ar\/wp-content\/uploads\/2025\/07\/200499260-icon-artificial-intelligence-related-to-psychology-personality-symbol-simple-design-editable-300x300.jpg 300w, https:\/\/bvs-psi.mdp.edu.ar\/wp-content\/uploads\/2025\/07\/200499260-icon-artificial-intelligence-related-to-psychology-personality-symbol-simple-design-editable-1024x1024.jpg 1024w, https:\/\/bvs-psi.mdp.edu.ar\/wp-content\/uploads\/2025\/07\/200499260-icon-artificial-intelligence-related-to-psychology-personality-symbol-simple-design-editable-768x768.jpg 768w, https:\/\/bvs-psi.mdp.edu.ar\/wp-content\/uploads\/2025\/07\/200499260-icon-artificial-intelligence-related-to-psychology-personality-symbol-simple-design-editable-50x50.jpg 50w, https:\/\/bvs-psi.mdp.edu.ar\/wp-content\/uploads\/2025\/07\/200499260-icon-artificial-intelligence-related-to-psychology-personality-symbol-simple-design-editable-116x116.jpg 116w, https:\/\/bvs-psi.mdp.edu.ar\/wp-content\/uploads\/2025\/07\/200499260-icon-artificial-intelligence-related-to-psychology-personality-symbol-simple-design-editable-240x240.jpg 240w, https:\/\/bvs-psi.mdp.edu.ar\/wp-content\/uploads\/2025\/07\/200499260-icon-artificial-intelligence-related-to-psychology-personality-symbol-simple-design-editable.jpg 1300w\" sizes=\"(max-width: 150px) 100vw, 150px\" \/>\t\t\t\t\t\t\t\t<\/a>\n\t\t\t\t\t\t\t\t\t\t\t<figcaption class=\"widget-image-caption wp-caption-text\">Inteligencia artificial en psicolog\u00eda: \u00bfaliada o enemiga?<\/figcaption>\n\t\t\t\t\t\t\t\t\t\t<\/figure>\n\t\t\t\t\t\t\t\t\t<\/div>\n\t\t\t\t\t<\/div>\n\t\t<\/div>\n\t\t\t\t<div class=\"elementor-column elementor-col-25 elementor-top-column elementor-element elementor-element-4a08657\" data-id=\"4a08657\" data-element_type=\"column\" data-e-type=\"column\">\n\t\t\t<div class=\"elementor-widget-wrap elementor-element-populated\">\n\t\t\t\t\t\t<div class=\"elementor-element elementor-element-88c3974 elementor-invisible elementor-widget elementor-widget-image\" data-id=\"88c3974\" data-element_type=\"widget\" data-e-type=\"widget\" data-settings=\"{&quot;_animation&quot;:&quot;rotateIn&quot;}\" data-widget_type=\"image.default\">\n\t\t\t\t\t\t\t\t\t\t\t\t<figure class=\"wp-caption\">\n\t\t\t\t\t\t\t\t\t\t\t<a href=\"https:\/\/revistas.unc.edu.ar\/index.php\/pathos\/article\/view\/43281\" target=\"_blank\">\n\t\t\t\t\t\t\t<img decoding=\"async\" width=\"150\" height=\"150\" src=\"https:\/\/bvs-psi.mdp.edu.ar\/wp-content\/uploads\/2025\/07\/icon-artificial-intelligence-related-to-psychology-personality-symbol-glyph-style-simple-design-editable-simple-illustration-vector-150x150.jpg\" class=\"attachment-thumbnail size-thumbnail wp-image-2273\" alt=\"\" srcset=\"https:\/\/bvs-psi.mdp.edu.ar\/wp-content\/uploads\/2025\/07\/icon-artificial-intelligence-related-to-psychology-personality-symbol-glyph-style-simple-design-editable-simple-illustration-vector-150x150.jpg 150w, https:\/\/bvs-psi.mdp.edu.ar\/wp-content\/uploads\/2025\/07\/icon-artificial-intelligence-related-to-psychology-personality-symbol-glyph-style-simple-design-editable-simple-illustration-vector-50x50.jpg 50w, https:\/\/bvs-psi.mdp.edu.ar\/wp-content\/uploads\/2025\/07\/icon-artificial-intelligence-related-to-psychology-personality-symbol-glyph-style-simple-design-editable-simple-illustration-vector-116x116.jpg 116w, https:\/\/bvs-psi.mdp.edu.ar\/wp-content\/uploads\/2025\/07\/icon-artificial-intelligence-related-to-psychology-personality-symbol-glyph-style-simple-design-editable-simple-illustration-vector.jpg 200w\" sizes=\"(max-width: 150px) 100vw, 150px\" \/>\t\t\t\t\t\t\t\t<\/a>\n\t\t\t\t\t\t\t\t\t\t\t<figcaption class=\"widget-image-caption wp-caption-text\">Inteligencia artificial y Psicoan\u00e1lisis<\/figcaption>\n\t\t\t\t\t\t\t\t\t\t<\/figure>\n\t\t\t\t\t\t\t\t\t<\/div>\n\t\t\t\t\t<\/div>\n\t\t<\/div>\n\t\t\t\t<div class=\"elementor-column elementor-col-25 elementor-top-column elementor-element elementor-element-66fef0b\" data-id=\"66fef0b\" data-element_type=\"column\" data-e-type=\"column\">\n\t\t\t<div class=\"elementor-widget-wrap elementor-element-populated\">\n\t\t\t\t\t\t<div class=\"elementor-element elementor-element-2629d6f elementor-invisible elementor-widget elementor-widget-image\" data-id=\"2629d6f\" data-element_type=\"widget\" data-e-type=\"widget\" data-settings=\"{&quot;_animation&quot;:&quot;rotateIn&quot;}\" data-widget_type=\"image.default\">\n\t\t\t\t\t\t\t\t\t\t\t\t<figure class=\"wp-caption\">\n\t\t\t\t\t\t\t\t\t\t\t<a href=\"https:\/\/laepoca.apa.org.ar\/Revistas\/37-La-subjetividad-en-la-era-de-la-tecnologia-digital\/Psicoanalisis-e-Inteligencia-Artificial-La-problematica-de-la-identificacion\" target=\"_blank\">\n\t\t\t\t\t\t\t<img decoding=\"async\" width=\"150\" height=\"150\" src=\"https:\/\/bvs-psi.mdp.edu.ar\/wp-content\/uploads\/2025\/07\/200288224-icon-artificial-intelligence-related-to-psychology-personality-symbol-simple-design-editable-simple-150x150.jpg\" class=\"attachment-thumbnail size-thumbnail wp-image-2275\" alt=\"\" srcset=\"https:\/\/bvs-psi.mdp.edu.ar\/wp-content\/uploads\/2025\/07\/200288224-icon-artificial-intelligence-related-to-psychology-personality-symbol-simple-design-editable-simple-150x150.jpg 150w, https:\/\/bvs-psi.mdp.edu.ar\/wp-content\/uploads\/2025\/07\/200288224-icon-artificial-intelligence-related-to-psychology-personality-symbol-simple-design-editable-simple-300x300.jpg 300w, https:\/\/bvs-psi.mdp.edu.ar\/wp-content\/uploads\/2025\/07\/200288224-icon-artificial-intelligence-related-to-psychology-personality-symbol-simple-design-editable-simple-50x50.jpg 50w, https:\/\/bvs-psi.mdp.edu.ar\/wp-content\/uploads\/2025\/07\/200288224-icon-artificial-intelligence-related-to-psychology-personality-symbol-simple-design-editable-simple-116x116.jpg 116w, https:\/\/bvs-psi.mdp.edu.ar\/wp-content\/uploads\/2025\/07\/200288224-icon-artificial-intelligence-related-to-psychology-personality-symbol-simple-design-editable-simple-240x240.jpg 240w, https:\/\/bvs-psi.mdp.edu.ar\/wp-content\/uploads\/2025\/07\/200288224-icon-artificial-intelligence-related-to-psychology-personality-symbol-simple-design-editable-simple.jpg 450w\" sizes=\"(max-width: 150px) 100vw, 150px\" \/>\t\t\t\t\t\t\t\t<\/a>\n\t\t\t\t\t\t\t\t\t\t\t<figcaption class=\"widget-image-caption wp-caption-text\">Psicoan\u00e1lisis e Inteligencia Artificial: La problem\u00e1tica de la identificaci\u00f3n<\/figcaption>\n\t\t\t\t\t\t\t\t\t\t<\/figure>\n\t\t\t\t\t\t\t\t\t<\/div>\n\t\t\t\t\t<\/div>\n\t\t<\/div>\n\t\t\t\t<div class=\"elementor-column elementor-col-25 elementor-top-column elementor-element elementor-element-99dc6a4\" data-id=\"99dc6a4\" data-element_type=\"column\" data-e-type=\"column\">\n\t\t\t<div class=\"elementor-widget-wrap elementor-element-populated\">\n\t\t\t\t\t\t<div class=\"elementor-element elementor-element-2be8d15 elementor-invisible elementor-widget elementor-widget-image\" data-id=\"2be8d15\" data-element_type=\"widget\" data-e-type=\"widget\" data-settings=\"{&quot;_animation&quot;:&quot;rotateIn&quot;}\" data-widget_type=\"image.default\">\n\t\t\t\t\t\t\t\t\t\t\t\t<figure class=\"wp-caption\">\n\t\t\t\t\t\t\t\t\t\t\t<a href=\"https:\/\/www.aacademica.org\/000-009\/914.pdf\" target=\"_blank\">\n\t\t\t\t\t\t\t<img loading=\"lazy\" decoding=\"async\" width=\"150\" height=\"150\" src=\"https:\/\/bvs-psi.mdp.edu.ar\/wp-content\/uploads\/2025\/07\/icon-artificial-intelligence-related-to-psychology-personality-symbol-simple-design-editable-simple-illustration-vector-150x150.jpg\" class=\"attachment-thumbnail size-thumbnail wp-image-2276\" alt=\"\" srcset=\"https:\/\/bvs-psi.mdp.edu.ar\/wp-content\/uploads\/2025\/07\/icon-artificial-intelligence-related-to-psychology-personality-symbol-simple-design-editable-simple-illustration-vector-150x150.jpg 150w, https:\/\/bvs-psi.mdp.edu.ar\/wp-content\/uploads\/2025\/07\/icon-artificial-intelligence-related-to-psychology-personality-symbol-simple-design-editable-simple-illustration-vector-300x300.jpg 300w, https:\/\/bvs-psi.mdp.edu.ar\/wp-content\/uploads\/2025\/07\/icon-artificial-intelligence-related-to-psychology-personality-symbol-simple-design-editable-simple-illustration-vector-768x768.jpg 768w, https:\/\/bvs-psi.mdp.edu.ar\/wp-content\/uploads\/2025\/07\/icon-artificial-intelligence-related-to-psychology-personality-symbol-simple-design-editable-simple-illustration-vector-50x50.jpg 50w, https:\/\/bvs-psi.mdp.edu.ar\/wp-content\/uploads\/2025\/07\/icon-artificial-intelligence-related-to-psychology-personality-symbol-simple-design-editable-simple-illustration-vector-116x116.jpg 116w, https:\/\/bvs-psi.mdp.edu.ar\/wp-content\/uploads\/2025\/07\/icon-artificial-intelligence-related-to-psychology-personality-symbol-simple-design-editable-simple-illustration-vector-240x240.jpg 240w, https:\/\/bvs-psi.mdp.edu.ar\/wp-content\/uploads\/2025\/07\/icon-artificial-intelligence-related-to-psychology-personality-symbol-simple-design-editable-simple-illustration-vector.jpg 980w\" sizes=\"(max-width: 150px) 100vw, 150px\" \/>\t\t\t\t\t\t\t\t<\/a>\n\t\t\t\t\t\t\t\t\t\t\t<figcaption class=\"widget-image-caption wp-caption-text\">Psicolog\u00eda e inteligencia artificial: una relaci\u00f3n dial\u00e9ctica en constante evoluci\u00f3n<\/figcaption>\n\t\t\t\t\t\t\t\t\t\t<\/figure>\n\t\t\t\t\t\t\t\t\t<\/div>\n\t\t\t\t\t<\/div>\n\t\t<\/div>\n\t\t\t\t\t<\/div>\n\t\t<\/section>\n\t\t\t\t<\/div>\n\t\t","protected":false},"excerpt":{"rendered":"<p>Lecturas Acad\u00e9micas sobre Psicolog\u00eda e Inteligencia Artificial en la Actualidad En esta secci\u00f3n, encontrar\u00e1s una selecci\u00f3n de lecturas acad\u00e9micas y recursos especializados que abordan las \u00faltimas tendencias y avances en los campos de la Psicolog\u00eda y la Inteligencia Artificial. Nuestro objetivo es ofrecerte informaci\u00f3n actualizada y rigurosa, facilitando el acceso a conocimientos relevantes y de calidad para quienes desean profundizar en estas tem\u00e1ticas tan apasionantes&hellip; <\/p>\n","protected":false},"author":1,"featured_media":0,"parent":0,"menu_order":0,"comment_status":"closed","ping_status":"closed","template":"","meta":{"footnotes":""},"class_list":["post-2260","page","type-page","status-publish","hentry","clearfix"],"_links":{"self":[{"href":"https:\/\/bvs-psi.mdp.edu.ar\/index.php?rest_route=\/wp\/v2\/pages\/2260","targetHints":{"allow":["GET"]}}],"collection":[{"href":"https:\/\/bvs-psi.mdp.edu.ar\/index.php?rest_route=\/wp\/v2\/pages"}],"about":[{"href":"https:\/\/bvs-psi.mdp.edu.ar\/index.php?rest_route=\/wp\/v2\/types\/page"}],"author":[{"embeddable":true,"href":"https:\/\/bvs-psi.mdp.edu.ar\/index.php?rest_route=\/wp\/v2\/users\/1"}],"replies":[{"embeddable":true,"href":"https:\/\/bvs-psi.mdp.edu.ar\/index.php?rest_route=%2Fwp%2Fv2%2Fcomments&post=2260"}],"version-history":[{"count":26,"href":"https:\/\/bvs-psi.mdp.edu.ar\/index.php?rest_route=\/wp\/v2\/pages\/2260\/revisions"}],"predecessor-version":[{"id":2297,"href":"https:\/\/bvs-psi.mdp.edu.ar\/index.php?rest_route=\/wp\/v2\/pages\/2260\/revisions\/2297"}],"wp:attachment":[{"href":"https:\/\/bvs-psi.mdp.edu.ar\/index.php?rest_route=%2Fwp%2Fv2%2Fmedia&parent=2260"}],"curies":[{"name":"wp","href":"https:\/\/api.w.org\/{rel}","templated":true}]}}