{"id":60,"date":"2023-10-24T11:04:16","date_gmt":"2023-10-24T14:04:16","guid":{"rendered":"https:\/\/bvs-psi2.mdp.edu.ar\/?page_id=60"},"modified":"2024-09-12T12:32:25","modified_gmt":"2024-09-12T15:32:25","slug":"los-psicologos-ante-la-pandemia-de-coronavirus","status":"publish","type":"page","link":"https:\/\/bvs-psi.mdp.edu.ar\/?page_id=60","title":{"rendered":"Los Psic\u00f3logos ante la Pandemia de Coronavirus"},"content":{"rendered":"\n<h5 class=\"wp-block-heading\"><a href=\"https:\/\/youtu.be\/rT7zrzW6p8c\" target=\"_blank\" rel=\"noreferrer noopener\">Un cuento para explicarle a los m\u00e1s chicos lo que est\u00e1 pasando: El escudo protector contra el rey virus <strong>(2020)<\/strong><\/a><\/h5>\n\n\n\n<h5 class=\"wp-block-heading\"><a href=\"https:\/\/www.observatoriodelainfancia.es\/ficherosoia\/documentos\/7031_d_rosa-contra-el-virus-cuento-para-explicar-a-los-ninos-y-ninas-el-coronavirus-y-otros-posibles-virus-5e6b7f9370fb1.pdf\" target=\"_blank\" rel=\"noreferrer noopener\">Rosa contra el virus: Cuento para explicar el coronavirus y otros posibles virus <strong>(2020)<\/strong><\/a><\/h5>\n\n\n\n<h5 class=\"wp-block-heading\"><a rel=\"noreferrer noopener\" href=\"https:\/\/bvs-psi.mdp.edu.ar\/wp-content\/uploads\/2024\/04\/recomendaciones_psicologicas.pdf\" target=\"_blank\">Recomendaciones psicol\u00f3gicas para afrontar la pandemia<\/a><\/h5>\n\n\n\n<h5 class=\"wp-block-heading\"><a rel=\"noreferrer noopener\" href=\"https:\/\/bvs-psi.mdp.edu.ar\/wp-content\/uploads\/2024\/04\/SIP-2020-CORONAVIRUS-18_03_2020-Espan\u0303ol.pdf\" target=\"_blank\">Protocolo de Acci\u00f3n y Recomendaciones sobre Salud Mental para afrontar la Pandemia del Coronavirus: Responsabilidad, Empat\u00eda, Solidaridad y Tranquilidad<\/a><\/h5>\n\n\n\n<h5 class=\"wp-block-heading\"><a href=\"https:\/\/bvs-psi.mdp.edu.ar\/wp-content\/uploads\/2024\/04\/El-tiempo-detenido-primer-informe-1.pdf\">Pandemia en Argentina. El tiempo detenido de adolescen<\/a><a rel=\"noreferrer noopener\" href=\"https:\/\/bvs-psi.mdp.edu.ar\/wp-content\/uploads\/2024\/04\/El-tiempo-detenido-primer-informe-1.pdf\" target=\"_blank\">t<\/a><a href=\"https:\/\/bvs-psi.mdp.edu.ar\/wp-content\/uploads\/2024\/04\/El-tiempo-detenido-primer-informe-1.pdf\" target=\"_blank\" rel=\"noreferrer noopener\">es y j\u00f3venes<\/a><\/h5>\n\n\n\n<h5 class=\"wp-block-heading\"><a rel=\"noreferrer noopener\" href=\"https:\/\/www.unicef.org\/argentina\/media\/11051\/file\/Estudio%20sobre%20los%20efectos%20en%20la%20salud%20mental%20de%20ni%C3%B1as,%20ni%C3%B1os%20y%20adolescentes%20por%20COVID-19.pdf\" target=\"_blank\">Salud mental en tiempos de coronavirus: Estudio sobre los efectos en la salud mental de ni\u00f1os, ni\u00f1as y adolescentes por covid-19<strong> (2021\/05)<\/strong><\/a><\/h5>\n","protected":false},"excerpt":{"rendered":"<p>Un cuento para explicarle a los m\u00e1s chicos lo que est\u00e1 pasando: El escudo protector contra el rey virus (2020) Rosa contra el virus: Cuento para explicar el coronavirus y otros posibles virus (2020) Recomendaciones psicol\u00f3gicas para afrontar la pandemia Protocolo de Acci\u00f3n y Recomendaciones sobre Salud Mental para afrontar la Pandemia del Coronavirus: Responsabilidad, Empat\u00eda, Solidaridad y Tranquilidad Pandemia en Argentina. El tiempo detenido&hellip; <\/p>\n","protected":false},"author":1,"featured_media":0,"parent":0,"menu_order":0,"comment_status":"closed","ping_status":"closed","template":"","meta":{"footnotes":""},"class_list":["post-60","page","type-page","status-publish","hentry","clearfix"],"_links":{"self":[{"href":"https:\/\/bvs-psi.mdp.edu.ar\/index.php?rest_route=\/wp\/v2\/pages\/60","targetHints":{"allow":["GET"]}}],"collection":[{"href":"https:\/\/bvs-psi.mdp.edu.ar\/index.php?rest_route=\/wp\/v2\/pages"}],"about":[{"href":"https:\/\/bvs-psi.mdp.edu.ar\/index.php?rest_route=\/wp\/v2\/types\/page"}],"author":[{"embeddable":true,"href":"https:\/\/bvs-psi.mdp.edu.ar\/index.php?rest_route=\/wp\/v2\/users\/1"}],"replies":[{"embeddable":true,"href":"https:\/\/bvs-psi.mdp.edu.ar\/index.php?rest_route=%2Fwp%2Fv2%2Fcomments&post=60"}],"version-history":[{"count":18,"href":"https:\/\/bvs-psi.mdp.edu.ar\/index.php?rest_route=\/wp\/v2\/pages\/60\/revisions"}],"predecessor-version":[{"id":1469,"href":"https:\/\/bvs-psi.mdp.edu.ar\/index.php?rest_route=\/wp\/v2\/pages\/60\/revisions\/1469"}],"wp:attachment":[{"href":"https:\/\/bvs-psi.mdp.edu.ar\/index.php?rest_route=%2Fwp%2Fv2%2Fmedia&parent=60"}],"curies":[{"name":"wp","href":"https:\/\/api.w.org\/{rel}","templated":true}]}}