{"id":62,"date":"2023-10-24T11:05:27","date_gmt":"2023-10-24T14:05:27","guid":{"rendered":"https:\/\/bvs-psi2.mdp.edu.ar\/?page_id=62"},"modified":"2024-10-16T14:43:10","modified_gmt":"2024-10-16T17:43:10","slug":"libros-online-bvs-psi-argentina","status":"publish","type":"page","link":"https:\/\/bvs-psi.mdp.edu.ar\/?page_id=62","title":{"rendered":"Libros Online BvS Psi Argentina"},"content":{"rendered":"\n<h4 class=\"wp-block-heading\"><a href=\"https:\/\/www.bivipsi.org\/\" target=\"_blank\" rel=\"noreferrer noopener\">BIVIPSI &#8211; Biblioteca Virtual de Psicoan\u00e1lisis: Portal tem\u00e1tico de acceso abierto a textos completos<\/a><\/h4>\n\n\n\n<p>La Biblioteca Virtual de Psicoan\u00e1lisis (BiViPsi) es un portal tem\u00e1tico especializado en Psicoan\u00e1lisis que ofrece acceso libre y gratuito a sus contenidos, a sus productos y servicios, constituyendo una memoria centralizada de la literatura psicoanal\u00edtica internacional, abierta al intercambio con todos los campos de la cultura y la comunidad.<\/p>\n\n\n\n<hr class=\"wp-block-separator has-alpha-channel-opacity\"\/>\n\n\n\n<h4 class=\"wp-block-heading\"><a rel=\"noreferrer noopener\" href=\"http:\/\/www.neu.unsl.edu.ar\/?page_id=1042\" target=\"_blank\">Libros Psicolog\u00eda &#8211; Editorial NEU Nueva Editorial Universitaria<\/a><\/h4>\n\n\n\n<p><strong><em>Fines y Objetivos<\/em><\/strong><br>1 \u2013 Potenciar la capacidad de Producci\u00f3n y Promoci\u00f3n Editorial de la Universidad en orden al desarrollo social, acad\u00e9mico, cient\u00edfico, art\u00edstico y cultural de la regi\u00f3n.<br>2 \u2013 Extender las Fortalezas Institucionales de la Universidad a nivel social, en la regi\u00f3n y el pa\u00eds.<br>3 \u2013 Promover lazos de vinculaci\u00f3n institucional que favorezcan la extensi\u00f3n y promoci\u00f3n de los bienes culturales, en su m\u00e1s rica diversidad.<br>4 \u2013 Refuncionalizar los mecanismos de producci\u00f3n de la Editorial, para dar respuesta integral a los desaf\u00edos propios de este tiempo, ampliando las bases de producci\u00f3n y optimizando los sistemas de distribuci\u00f3n y comercializaci\u00f3n.<br>5 \u2013 Establecer alianzas estrat\u00e9gicas con instituciones y organismos p\u00fablicos y privados para ampliar la base de financiamiento operativo de la Nueva Editorial.<\/p>\n\n\n\n<p>La presentaci\u00f3n de la solicitud y el material consignado en la misma, debe hacerse personalmente, en la Subsecretar\u00eda General , Segundo Piso del rectorado de la Universidad Nacional de San Luis.<\/p>\n\n\n\n<hr class=\"wp-block-separator has-alpha-channel-opacity\"\/>\n\n\n\n<h4 class=\"wp-block-heading\"><a rel=\"noreferrer noopener\" href=\"http:\/\/www.neu.unsl.edu.ar\/?page_id=569\" target=\"_blank\">eBooks &#8211; Psicologia &#8211; Editorial Neu Nueva Editorioal Universitaria<\/a><\/h4>\n\n\n\n<p><strong><em>Nueva Editorial Universitaria les da la Bienvenida<\/em><\/strong><br>\u00a1Bienvenido al sitio de la Nueva Editorial Universitaria! Te invitamos a que recorras las diferentes secciones, desde nuestros institucionales hasta nuestro cat\u00e1logos de libros digitales en formato eBook para descargar.<\/p>\n\n\n\n<hr class=\"wp-block-separator has-alpha-channel-opacity\"\/>\n\n\n\n<h4 class=\"wp-block-heading\"><a href=\"http:\/\/newpsi.bvs-psi.org.br\/ebooks2010\/es\/Inicio.html\" target=\"_blank\" rel=\"noreferrer noopener\">Libros Electr\u00f3nicos de Acceso Abierto BvS<\/a><\/h4>\n\n\n\n<p>El libro es una de las formas m\u00e1s tradicionales y grandiosas de registro del conocimiento y conservaci\u00f3n de la historia de la humanidad. En los libros se encuentra todo el conocimiento humano, desde que el hombre empez\u00f3 a registrar sus experiencias, historias y fantas\u00edas. La tecnolog\u00eda de impresi\u00f3n de libros se mantuvo sin cambios desde Gutenberg hasta el surgimiento de la Internet que torn\u00f3 el conocimiento disponible y accesible, rompiendo definitivamente con las barreras del tiempo y espacio.<\/p>\n\n\n\n<p>El libro electr\u00f3nico, o e-book, surgi\u00f3 y tenemos el proposito de democratizar el acceso a ese conocimiento, a partir de la posibilidad de consulta de cualquier parte del mundo, por varios usuarios al mismo tiempo.<\/p>\n\n\n\n<p>Considerando el principio mayor de la BVS-Psi, es decir, el acceso abierto al conocimiento, este espacio se dedica a la publicaci\u00f3n de libros electr\u00f3nicos del \u00e1rea de Psicolog\u00eda.<\/p>\n\n\n\n<p>El objetivo es disponibilizar libros que ya no se encuentran en el mercado editorial, cuyos derechos autorales hayan sido cedidos a la BVS-Psi, o que ya se encuentren en Dominio P\u00fablico.<\/p>\n","protected":false},"excerpt":{"rendered":"<p>BIVIPSI &#8211; Biblioteca Virtual de Psicoan\u00e1lisis: Portal tem\u00e1tico de acceso abierto a textos completos La Biblioteca Virtual de Psicoan\u00e1lisis (BiViPsi) es un portal tem\u00e1tico especializado en Psicoan\u00e1lisis que ofrece acceso libre y gratuito a sus contenidos, a sus productos y servicios, constituyendo una memoria centralizada de la literatura psicoanal\u00edtica internacional, abierta al intercambio con todos los campos de la cultura y la comunidad. Libros Psicolog\u00eda&hellip; <\/p>\n","protected":false},"author":1,"featured_media":0,"parent":0,"menu_order":0,"comment_status":"closed","ping_status":"closed","template":"","meta":{"footnotes":""},"class_list":["post-62","page","type-page","status-publish","hentry","clearfix"],"_links":{"self":[{"href":"https:\/\/bvs-psi.mdp.edu.ar\/index.php?rest_route=\/wp\/v2\/pages\/62","targetHints":{"allow":["GET"]}}],"collection":[{"href":"https:\/\/bvs-psi.mdp.edu.ar\/index.php?rest_route=\/wp\/v2\/pages"}],"about":[{"href":"https:\/\/bvs-psi.mdp.edu.ar\/index.php?rest_route=\/wp\/v2\/types\/page"}],"author":[{"embeddable":true,"href":"https:\/\/bvs-psi.mdp.edu.ar\/index.php?rest_route=\/wp\/v2\/users\/1"}],"replies":[{"embeddable":true,"href":"https:\/\/bvs-psi.mdp.edu.ar\/index.php?rest_route=%2Fwp%2Fv2%2Fcomments&post=62"}],"version-history":[{"count":17,"href":"https:\/\/bvs-psi.mdp.edu.ar\/index.php?rest_route=\/wp\/v2\/pages\/62\/revisions"}],"predecessor-version":[{"id":1883,"href":"https:\/\/bvs-psi.mdp.edu.ar\/index.php?rest_route=\/wp\/v2\/pages\/62\/revisions\/1883"}],"wp:attachment":[{"href":"https:\/\/bvs-psi.mdp.edu.ar\/index.php?rest_route=%2Fwp%2Fv2%2Fmedia&parent=62"}],"curies":[{"name":"wp","href":"https:\/\/api.w.org\/{rel}","templated":true}]}}