{"id":66,"date":"2023-10-24T11:08:14","date_gmt":"2023-10-24T14:08:14","guid":{"rendered":"https:\/\/bvs-psi2.mdp.edu.ar\/?page_id=66"},"modified":"2024-05-09T14:04:28","modified_gmt":"2024-05-09T17:04:28","slug":"literatura-cientifica","status":"publish","type":"page","link":"https:\/\/bvs-psi.mdp.edu.ar\/?page_id=66","title":{"rendered":"Literatura Cient\u00edfica"},"content":{"rendered":"\n<h6 class=\"wp-block-heading\"><strong><a href=\"https:\/\/bvs-psi.mdp.edu.ar\/?page_id=74\">Bases de Datos Bibliogr\u00e1ficas en Psicolog\u00eda<\/a><\/strong><\/h6>\n\n\n\n<hr class=\"wp-block-separator has-alpha-channel-opacity\"\/>\n\n\n\n<h6 class=\"wp-block-heading\"><strong><a href=\"https:\/\/bvs-psi.mdp.edu.ar\/?page_id=76\">Bases a texto completo en Psicolog\u00eda y Ciencias de la Salud<\/a><\/strong><\/h6>\n\n\n\n<hr class=\"wp-block-separator has-alpha-channel-opacity\"\/>\n\n\n\n<h6 class=\"wp-block-heading\"><strong><a href=\"https:\/\/bvs-psi.mdp.edu.ar\/?page_id=79\">Ciencias de la Salud en General<\/a><\/strong><\/h6>\n\n\n\n<hr class=\"wp-block-separator has-alpha-channel-opacity\"\/>\n\n\n\n<h6 class=\"wp-block-heading\"><strong><a href=\"https:\/\/bvs-psi.mdp.edu.ar\/?page_id=83\">Terminolog\u00eda en Salud<\/a><\/strong><\/h6>\n","protected":false},"excerpt":{"rendered":"<p>Bases de Datos Bibliogr\u00e1ficas en Psicolog\u00eda Bases a texto completo en Psicolog\u00eda y Ciencias de la Salud Ciencias de la Salud en General Terminolog\u00eda en Salud<\/p>\n","protected":false},"author":1,"featured_media":0,"parent":0,"menu_order":0,"comment_status":"closed","ping_status":"closed","template":"","meta":{"footnotes":""},"class_list":["post-66","page","type-page","status-publish","hentry","clearfix"],"_links":{"self":[{"href":"https:\/\/bvs-psi.mdp.edu.ar\/index.php?rest_route=\/wp\/v2\/pages\/66","targetHints":{"allow":["GET"]}}],"collection":[{"href":"https:\/\/bvs-psi.mdp.edu.ar\/index.php?rest_route=\/wp\/v2\/pages"}],"about":[{"href":"https:\/\/bvs-psi.mdp.edu.ar\/index.php?rest_route=\/wp\/v2\/types\/page"}],"author":[{"embeddable":true,"href":"https:\/\/bvs-psi.mdp.edu.ar\/index.php?rest_route=\/wp\/v2\/users\/1"}],"replies":[{"embeddable":true,"href":"https:\/\/bvs-psi.mdp.edu.ar\/index.php?rest_route=%2Fwp%2Fv2%2Fcomments&post=66"}],"version-history":[{"count":14,"href":"https:\/\/bvs-psi.mdp.edu.ar\/index.php?rest_route=\/wp\/v2\/pages\/66\/revisions"}],"predecessor-version":[{"id":1110,"href":"https:\/\/bvs-psi.mdp.edu.ar\/index.php?rest_route=\/wp\/v2\/pages\/66\/revisions\/1110"}],"wp:attachment":[{"href":"https:\/\/bvs-psi.mdp.edu.ar\/index.php?rest_route=%2Fwp%2Fv2%2Fmedia&parent=66"}],"curies":[{"name":"wp","href":"https:\/\/api.w.org\/{rel}","templated":true}]}}