{"id":68,"date":"2023-10-24T11:10:21","date_gmt":"2023-10-24T14:10:21","guid":{"rendered":"https:\/\/bvs-psi2.mdp.edu.ar\/?page_id=68"},"modified":"2024-05-16T17:04:58","modified_gmt":"2024-05-16T20:04:58","slug":"directorios-portales-y-comunidades-virtuales","status":"publish","type":"page","link":"https:\/\/bvs-psi.mdp.edu.ar\/?page_id=68","title":{"rendered":"Directorios, Portales y Comunidades Virtuales"},"content":{"rendered":"\n<h6 class=\"wp-block-heading\"><strong><a href=\"https:\/\/bvs-psi.mdp.edu.ar\/?page_id=85\">Censo de Psic\u00f3logos en Argentina<\/a><\/strong><\/h6>\n\n\n\n<hr class=\"wp-block-separator has-alpha-channel-opacity\"\/>\n\n\n\n<h6 class=\"wp-block-heading\"><strong><a rel=\"noreferrer noopener\" href=\"https:\/\/bvs.salud.gob.ar\/\" target=\"_blank\">Comunicaci\u00f3n Cient\u00edfica en Salud<\/a><\/strong><\/h6>\n\n\n\n<hr class=\"wp-block-separator has-alpha-channel-opacity\"\/>\n\n\n\n<h6 class=\"wp-block-heading\"><strong><a href=\"https:\/\/bvs-psi.mdp.edu.ar\/?page_id=97\">Directorio de Eventos<\/a><\/strong><\/h6>\n\n\n\n<hr class=\"wp-block-separator has-alpha-channel-opacity\"\/>\n\n\n\n<h6 class=\"wp-block-heading\"><strong><a href=\"https:\/\/bvs-psi.mdp.edu.ar\/?page_id=106\">Directorios Argentinos en Psicolog\u00eda y Ciencias de la Salud<\/a><\/strong><\/h6>\n\n\n\n<hr class=\"wp-block-separator has-alpha-channel-opacity\"\/>\n\n\n\n<h6 class=\"wp-block-heading\"><strong><a href=\"https:\/\/bvs-psi.mdp.edu.ar\/?page_id=132\">Normas, Legislaci\u00f3n y C\u00f3digos de E\u00b4tica en Psicolog\u00eda Argentina<\/a><\/strong><\/h6>\n\n\n\n<hr class=\"wp-block-separator has-alpha-channel-opacity\"\/>\n\n\n\n<h6 class=\"wp-block-heading\"><strong><a href=\"https:\/\/bvs-psi.mdp.edu.ar\/?page_id=134\">Red de Bibliotecas en Ciencias de la Salud<\/a><\/strong><\/h6>\n\n\n\n<hr class=\"wp-block-separator has-alpha-channel-opacity\"\/>\n\n\n\n<h6 class=\"wp-block-heading\"><strong><a href=\"https:\/\/bvs-psi.mdp.edu.ar\/?page_id=136\">Revistas Electr\u00f3nicas NO-PEPSIC<\/a><\/strong><\/h6>\n","protected":false},"excerpt":{"rendered":"<p>Censo de Psic\u00f3logos en Argentina Comunicaci\u00f3n Cient\u00edfica en Salud Directorio de Eventos Directorios Argentinos en Psicolog\u00eda y Ciencias de la Salud Normas, Legislaci\u00f3n y C\u00f3digos de E\u00b4tica en Psicolog\u00eda Argentina Red de Bibliotecas en Ciencias de la Salud Revistas Electr\u00f3nicas NO-PEPSIC<\/p>\n","protected":false},"author":1,"featured_media":0,"parent":0,"menu_order":0,"comment_status":"closed","ping_status":"closed","template":"","meta":{"footnotes":""},"class_list":["post-68","page","type-page","status-publish","hentry","clearfix"],"_links":{"self":[{"href":"https:\/\/bvs-psi.mdp.edu.ar\/index.php?rest_route=\/wp\/v2\/pages\/68","targetHints":{"allow":["GET"]}}],"collection":[{"href":"https:\/\/bvs-psi.mdp.edu.ar\/index.php?rest_route=\/wp\/v2\/pages"}],"about":[{"href":"https:\/\/bvs-psi.mdp.edu.ar\/index.php?rest_route=\/wp\/v2\/types\/page"}],"author":[{"embeddable":true,"href":"https:\/\/bvs-psi.mdp.edu.ar\/index.php?rest_route=\/wp\/v2\/users\/1"}],"replies":[{"embeddable":true,"href":"https:\/\/bvs-psi.mdp.edu.ar\/index.php?rest_route=%2Fwp%2Fv2%2Fcomments&post=68"}],"version-history":[{"count":13,"href":"https:\/\/bvs-psi.mdp.edu.ar\/index.php?rest_route=\/wp\/v2\/pages\/68\/revisions"}],"predecessor-version":[{"id":1117,"href":"https:\/\/bvs-psi.mdp.edu.ar\/index.php?rest_route=\/wp\/v2\/pages\/68\/revisions\/1117"}],"wp:attachment":[{"href":"https:\/\/bvs-psi.mdp.edu.ar\/index.php?rest_route=%2Fwp%2Fv2%2Fmedia&parent=68"}],"curies":[{"name":"wp","href":"https:\/\/api.w.org\/{rel}","templated":true}]}}