{"id":74,"date":"2023-10-24T11:17:06","date_gmt":"2023-10-24T14:17:06","guid":{"rendered":"https:\/\/bvs-psi2.mdp.edu.ar\/?page_id=74"},"modified":"2024-10-04T14:30:17","modified_gmt":"2024-10-04T17:30:17","slug":"bases-de-datos-bibliograficas-en-psicologia","status":"publish","type":"page","link":"https:\/\/bvs-psi.mdp.edu.ar\/?page_id=74","title":{"rendered":"Bases de Datos Bibliogr\u00e1ficas en Psicolog\u00eda"},"content":{"rendered":"\n<h4 class=\"wp-block-heading\"><strong><a rel=\"noreferrer noopener\" aria-label=\"Base de Datos de la BvS Psi Argentina (abre en una nueva pesta\u00f1a)\" href=\"http:\/\/psicocedoc.mdp.edu.ar\/cgi-bin\/wxis1660.exe\/lildbi\/iah\/?IsisScript=lildbi\/iah\/iah.xis&amp;base=LILACS&amp;lang=e\" target=\"_blank\">Base de Datos de la BvS Psi Argentina<\/a><\/strong><\/h4>\n\n\n\n<p>Las instituciones de cada pa\u00eds forman parte de las redes nacionales de informaci\u00f3n en salud, por ejemplo:<\/p>\n\n\n\n<p>RENICS \u2013 Red Nacional de Informaci\u00f3n en Ciencias de la Salud (Argentina)<\/p>\n\n\n\n<p>Todos los productos y servicios de la Red BVS est\u00e1n disponibles para el acceso a trav\u00e9s de las Instancias (Portales) y bases de datos, en este caso <a href=\"http:\/\/psicocedoc.mdp.edu.ar\/cgi-bin\/wxis1660.exe\/lildbi\/iah\/?IsisScript=lildbi\/iah\/iah.xis&amp;base=LILACS&amp;lang=e\" target=\"_blank\" rel=\"noreferrer noopener\">BvS Psi Argentina<\/a> de alcance nacional, regional y\/o institucionales de la BVS.<\/p>\n\n\n\n<p>Conoce la Red de Instancias (Portales) de la BVS \u2013 Enlace al mapa de instancias<\/p>\n\n\n\n<h6 class=\"wp-block-heading\"><strong><em>Sepa m\u00e1s sobre la <a rel=\"noreferrer noopener\" href=\"https:\/\/red.bvsalud.org\/es\/\" target=\"_blank\">Red BVS.<\/a><\/em><\/strong><\/h6>\n\n\n\n<hr class=\"wp-block-separator has-alpha-channel-opacity\"\/>\n\n\n\n<h4 class=\"wp-block-heading\"><strong><a rel=\"noreferrer noopener\" aria-label=\"Portal Regional de la BvS (abre en una nueva pesta\u00f1a)\" href=\"https:\/\/pesquisa.bvsalud.org\/portal\/?lang=es\" target=\"_blank\">Portal Regional de la BvS<\/a><\/strong><\/h4>\n\n\n\n<h6 class=\"wp-block-heading\"><strong><em>Sobre el Portal Regional de la BVS<\/em><\/strong><\/h6>\n\n\n\n<p>El Portal Regional de la BVS es la instancia principal y m\u00e1s completa de la BVS. Tambi\u00e9n es el espacio de integraci\u00f3n de los productos y servicios de la BVS.<\/p>\n\n\n\n<p>Ofrece una interfaz de b\u00fasqueda y recuperaci\u00f3n de informaci\u00f3n (sistema iAHx) en toda su colecci\u00f3n de bases de datos, integrada con DeCS\/MeSH y con recursos de filtro, exportaci\u00f3n de resultados y b\u00fasqueda avanzada.<\/p>\n\n\n\n<p>El Portal Regional de la BVS es desarrollado y operado por BIREME en 4 idiomas (ingl\u00e9s, portugu\u00e9s, espa\u00f1ol y franc\u00e9s).<\/p>\n\n\n\n<h6 class=\"wp-block-heading\"><strong><em>Sobre la Colecci\u00f3n<\/em><\/strong><\/h6>\n\n\n\n<p>El Portal Regional de la BVS re\u00fane en su colecci\u00f3n alrededor de 60 bases de datos bibliogr\u00e1ficas y otros tipos de fuentes de informaci\u00f3n en salud. Adem\u00e1s de LILACS, que es la principal base de datos de la literatura en ciencias de la salud de Am\u00e9rica Latina y el Caribe, otras decenas de bases de datos bibliogr\u00e1ficas nacionales, regionales e internacionales est\u00e1n integradas en el Portal Regional de la BVS.<\/p>\n\n\n\n<p>La colecci\u00f3n se actualiza regularmente a partir de la recopilaci\u00f3n de metadatos de las bases de datos y fuentes de informaci\u00f3n disponibles en el Portal Regional de la BVS.<\/p>\n\n\n\n<h6 class=\"wp-block-heading\"><strong><em>Sepa m\u00e1s sobre la <a rel=\"noreferrer noopener\" href=\"https:\/\/bvsalud.org\/es\/coleccion\/\" target=\"_blank\">Colecci\u00f3n.<\/a><\/em><\/strong><\/h6>\n","protected":false},"excerpt":{"rendered":"<p>Base de Datos de la BvS Psi Argentina Las instituciones de cada pa\u00eds forman parte de las redes nacionales de informaci\u00f3n en salud, por ejemplo: RENICS \u2013 Red Nacional de Informaci\u00f3n en Ciencias de la Salud (Argentina) Todos los productos y servicios de la Red BVS est\u00e1n disponibles para el acceso a trav\u00e9s de las Instancias (Portales) y bases de datos, en este caso BvS&hellip; <\/p>\n","protected":false},"author":1,"featured_media":0,"parent":0,"menu_order":0,"comment_status":"closed","ping_status":"closed","template":"","meta":{"footnotes":""},"class_list":["post-74","page","type-page","status-publish","hentry","clearfix"],"_links":{"self":[{"href":"https:\/\/bvs-psi.mdp.edu.ar\/index.php?rest_route=\/wp\/v2\/pages\/74","targetHints":{"allow":["GET"]}}],"collection":[{"href":"https:\/\/bvs-psi.mdp.edu.ar\/index.php?rest_route=\/wp\/v2\/pages"}],"about":[{"href":"https:\/\/bvs-psi.mdp.edu.ar\/index.php?rest_route=\/wp\/v2\/types\/page"}],"author":[{"embeddable":true,"href":"https:\/\/bvs-psi.mdp.edu.ar\/index.php?rest_route=\/wp\/v2\/users\/1"}],"replies":[{"embeddable":true,"href":"https:\/\/bvs-psi.mdp.edu.ar\/index.php?rest_route=%2Fwp%2Fv2%2Fcomments&post=74"}],"version-history":[{"count":20,"href":"https:\/\/bvs-psi.mdp.edu.ar\/index.php?rest_route=\/wp\/v2\/pages\/74\/revisions"}],"predecessor-version":[{"id":1683,"href":"https:\/\/bvs-psi.mdp.edu.ar\/index.php?rest_route=\/wp\/v2\/pages\/74\/revisions\/1683"}],"wp:attachment":[{"href":"https:\/\/bvs-psi.mdp.edu.ar\/index.php?rest_route=%2Fwp%2Fv2%2Fmedia&parent=74"}],"curies":[{"name":"wp","href":"https:\/\/api.w.org\/{rel}","templated":true}]}}