{"id":76,"date":"2023-10-24T11:30:48","date_gmt":"2023-10-24T14:30:48","guid":{"rendered":"https:\/\/bvs-psi2.mdp.edu.ar\/?page_id=76"},"modified":"2025-09-23T15:27:11","modified_gmt":"2025-09-23T18:27:11","slug":"bases-a-texto-completo-en-psicologia-y-ciencias-de-la-salud","status":"publish","type":"page","link":"https:\/\/bvs-psi.mdp.edu.ar\/?page_id=76","title":{"rendered":"Bases a texto completo en Psicolog\u00eda y Ciencias de la Salud"},"content":{"rendered":"\n<h5 class=\"wp-block-heading\"><strong><em><a href=\"https:\/\/pesquisa.bvsalud.org\/portal\/?output=site&amp;lang=es&amp;from=0&amp;sort=RELEVANCE&amp;format=summary&amp;count=20&amp;fb=&amp;page=1&amp;tab=2&amp;range_year_start=&amp;range_year_end=&amp;skfp=&amp;index=&amp;q=au%3A%22BIREME%2FOPS%2FOMS%22\" target=\"_blank\" rel=\"noreferrer noopener\">PEPsic &#8211; Revistas Electr\u00f3nicas en Psicolog\u00eda<\/a><\/em><\/strong><\/h5>\n\n\n\n<p>Re\u00fane una colecci\u00f3n de revistas cient\u00edficas en Psicolog\u00eda y \u00e1reas afines con m\u00e1s de 12.700 art\u00edculos online. Es fruto de la asociaci\u00f3n entre la Biblioteca Virtual em Salud \u2013 Psicolog\u00eda (BVS-Psi) e a Asociaci\u00f3n Brasile\u00f1a de Editores Cient\u00edficos de Psicolog\u00eda \u2013 ABECiP. Tiene como meta ampliar el acceso a la producci\u00f3n cient\u00edfica en Psicolog\u00eda y \u00e1reas afines, a trav\u00e9s de la publicaci\u00f3n de revistas cient\u00edficas en formato electr\u00f3nico y su disponibilidad gratuita en Internet.<\/p>\n\n\n\n<hr class=\"wp-block-separator has-alpha-channel-opacity\"\/>\n\n\n\n<h5 class=\"wp-block-heading\"><a rel=\"noreferrer noopener\" href=\"http:\/\/www.scielo.org\/php\/index.php?lang=es\" target=\"_blank\"><strong><em>SciELO &#8211; Scientific Electronic Library Online<\/em><\/strong><\/a><\/h5>\n\n\n\n<p>(Biblioteca Cient\u00edfica Electr\u00f3nica en L\u00ednea) es un modelo para la publicaci\u00f3n electr\u00f3nica cooperativa de revistas cient\u00edficas en Internet. Especialmente desarrollado para responder a las necesidades de la comunicaci\u00f3n cient\u00edfica en los pa\u00edses en desarrollo y particularmente de Am\u00e9rica Latina y el Caribe, el modelo proporciona una soluci\u00f3n eficiente para asegurar la visibilidad y el acceso universal a su literatura cient\u00edfica, contribuyendo para la superaci\u00f3n del fen\u00f3meno conocido como &#8216;ciencia perdida&#8217;.<\/p>\n","protected":false},"excerpt":{"rendered":"<p>PEPsic &#8211; Revistas Electr\u00f3nicas en Psicolog\u00eda Re\u00fane una colecci\u00f3n de revistas cient\u00edficas en Psicolog\u00eda y \u00e1reas afines con m\u00e1s de 12.700 art\u00edculos online. Es fruto de la asociaci\u00f3n entre la Biblioteca Virtual em Salud \u2013 Psicolog\u00eda (BVS-Psi) e a Asociaci\u00f3n Brasile\u00f1a de Editores Cient\u00edficos de Psicolog\u00eda \u2013 ABECiP. Tiene como meta ampliar el acceso a la producci\u00f3n cient\u00edfica en Psicolog\u00eda y \u00e1reas afines, a trav\u00e9s&hellip; <\/p>\n","protected":false},"author":1,"featured_media":0,"parent":0,"menu_order":0,"comment_status":"closed","ping_status":"closed","template":"","meta":{"footnotes":""},"class_list":["post-76","page","type-page","status-publish","hentry","clearfix"],"_links":{"self":[{"href":"https:\/\/bvs-psi.mdp.edu.ar\/index.php?rest_route=\/wp\/v2\/pages\/76","targetHints":{"allow":["GET"]}}],"collection":[{"href":"https:\/\/bvs-psi.mdp.edu.ar\/index.php?rest_route=\/wp\/v2\/pages"}],"about":[{"href":"https:\/\/bvs-psi.mdp.edu.ar\/index.php?rest_route=\/wp\/v2\/types\/page"}],"author":[{"embeddable":true,"href":"https:\/\/bvs-psi.mdp.edu.ar\/index.php?rest_route=\/wp\/v2\/users\/1"}],"replies":[{"embeddable":true,"href":"https:\/\/bvs-psi.mdp.edu.ar\/index.php?rest_route=%2Fwp%2Fv2%2Fcomments&post=76"}],"version-history":[{"count":6,"href":"https:\/\/bvs-psi.mdp.edu.ar\/index.php?rest_route=\/wp\/v2\/pages\/76\/revisions"}],"predecessor-version":[{"id":2319,"href":"https:\/\/bvs-psi.mdp.edu.ar\/index.php?rest_route=\/wp\/v2\/pages\/76\/revisions\/2319"}],"wp:attachment":[{"href":"https:\/\/bvs-psi.mdp.edu.ar\/index.php?rest_route=%2Fwp%2Fv2%2Fmedia&parent=76"}],"curies":[{"name":"wp","href":"https:\/\/api.w.org\/{rel}","templated":true}]}}