{"id":79,"date":"2023-10-24T11:33:13","date_gmt":"2023-10-24T14:33:13","guid":{"rendered":"https:\/\/bvs-psi2.mdp.edu.ar\/?page_id=79"},"modified":"2024-10-07T15:04:42","modified_gmt":"2024-10-07T18:04:42","slug":"ciencias-de-la-salud-en-general","status":"publish","type":"page","link":"https:\/\/bvs-psi.mdp.edu.ar\/?page_id=79","title":{"rendered":"Ciencias de la Salud en General"},"content":{"rendered":"\n<h4 class=\"wp-block-heading\"><a rel=\"noreferrer noopener\" href=\"https:\/\/www.cochranelibrary.com\/es\/?contentLanguage=es\" target=\"_blank\"><strong>Biblioteca Cochrane<\/strong><\/a><\/h4>\n\n\n\n<p>Cochrane es una red internacional con sede en el Reino Unido, est\u00e1 registrada como <strong><a rel=\"noreferrer noopener\" href=\"https:\/\/www.cochrane.org\/es\/about-us\/governance-and-management\" target=\"_blank\">organizaci\u00f3n sin \u00e1nimo de lucro<\/a>,<\/strong> y es miembro del <a rel=\"noreferrer noopener\" href=\"https:\/\/www.ncvo.org.uk\/\" target=\"_blank\"><strong>National Council for Voluntary Organizations<\/strong><\/a> del Reino Unido.<\/p>\n\n\n\n<p>Cochrane est\u00e1 dirigido a todas aquellas personas interesadas en utilizar informaci\u00f3n de alta calidad para tomar decisiones en salud. Sea usted profesional cl\u00ednico, paciente o cuidador, investigador, o responsable de pol\u00edticas sanitarias, la evidencia Cochrane es una potente herramienta para mejorar sus conocimientos sanitarios y su toma de decisiones.<\/p>\n\n\n\n<p>Los miembros y seguidores de Cochrane provienen de m\u00e1s de 190 pa\u00edses de todo el mundo. Somos investigadores, profesionales sanitarios, pacientes, cuidadores y ciudadanos interesados en mejorar los resultados en salud de todas las personas, en cualquier lugar del mundo. Nuestra red mundial independiente recopila y resume la mejor evidencia de la investigaci\u00f3n para ayudarle a tomar decisiones informadas sobre tratamientos, y lo estamos haciendo desde hace m\u00e1s de 30 a\u00f1os.<\/p>\n\n\n\n<p>No aceptamos financiaci\u00f3n comercial ni conflictiva. Para nosotros es vital generar informaci\u00f3n de calidad y fiable, trabajando libremente, sin restricciones por intereses comerciales y econ\u00f3micos.<\/p>\n\n\n\n<hr class=\"wp-block-separator has-alpha-channel-opacity\"\/>\n\n\n\n<h4 class=\"wp-block-heading\"><strong><a href=\"https:\/\/pesquisa.bvsalud.org\/portal\/?lang=es&amp;fb=&amp;q=&amp;skfp=true&amp;filter%5Bdb%5D%5B%5D=BINACIS&amp;range_year_start=&amp;range_year_end=\" target=\"_blank\" rel=\"noreferrer noopener\">BINACIS &#8211; Bibliograf\u00eda Nacional en Ciencias de la Salud Argentina<\/a><\/strong><\/h4>\n\n\n\n<p>Bibliograf\u00eda Nacional en Ciencias de la Salud: re\u00fane el material de los centros cooperantes de RENICS. Desde febrero 2018 BINACIS forma parte del \u00cdndice Regional de BIREME con m\u00e1s de 144 mil registros.<\/p>\n\n\n\n<hr class=\"wp-block-separator has-alpha-channel-opacity\"\/>\n\n\n\n<h4 class=\"wp-block-heading\"><a rel=\"noreferrer noopener\" href=\"https:\/\/lilacs.bvsalud.org\/es\/\" target=\"_blank\"><strong>LILACS &#8211; Literatura Latinoamericana y del Caribe en Ciencias de la Salud<\/strong><\/a><\/h4>\n\n\n\n<p>La m\u00e1s importante y abarcadora base de dados especializada en salud, con literatura cient\u00edfica y t\u00e9cnica de 26 pa\u00edses de Am\u00e9rica Latina y el Caribe con acceso libre y gratuito.<br>Reune m\u00e1s de un mill\u00f3n de registros de art\u00edculos de revistas con peer review, tesis y disertaciones, documentos gubernamentales, anales de congresos y libros y cap\u00edtulos. M\u00e1s de 600 mil de ellos con elnace a texto completo en acceso abierto.<br>Incluye revisiones sistem\u00e1ticas, ensayos cl\u00ednicos controlados aleatorios, s\u00edntesis de evidencias, estudios de evaluaci\u00f3n de tecnolog\u00edas sanitarias, estudios de evaluaci\u00f3n econ\u00f3mica, gu\u00edas de pr\u00e1ctica cl\u00ednica, informes t\u00e9cnicos, informes de casos y otros.<br>Mantenida y actualizada por una red compuesta por m\u00e1s de 800 instituciones educacionales, gubernamentales y de investigaci\u00f3n en salud, y coordinada por BIREME\/OPS\/OMS.<br>Utiliza el DeCS\/MeSH \u2013 Descriptores en Ciencias de la Salud, con descriptores y sin\u00f3nimos contextualizados a la regi\u00f3n con categor\u00edas exclusivas de Salud P\u00fablica, Homeopat\u00eda, Vigilancia Sanitaria, Ciencia y Salud y Medicinas Tradicionales, Complementarias e Integrativas. DeCS es una traducci\u00f3n extendida del MeSH.<br>Es fuente de informaci\u00f3n necesaria a la b\u00fasqueda de estudios primarios de ALyC para las revisiones sistem\u00e1ticas, y recomendada por Cochrane Collaboration en el Cochrane Handbook.<br>Est\u00e1 incluida en el Global Index Medicus de la OMS, en Epistemonikos, y complementa a MEDLINE\/PubMed.<br>LILACS, evidencia cient\u00edfica en salud de los pa\u00edses de Am\u00e9rica Latina y el Caribe.<\/p>\n\n\n\n<hr class=\"wp-block-separator has-alpha-channel-opacity\"\/>\n\n\n\n<h4 class=\"wp-block-heading\"><strong><a href=\"https:\/\/medlineplus.gov\/spanish\/\" target=\"_blank\" rel=\"noreferrer noopener\">MEDLINE &#8211; Literatura Internacional en Ciencias de la Salud<\/a><\/strong><\/h4>\n\n\n\n<p>Bienvenido a MedlinePlus en espa\u00f1ol<br>MedlinePlus es un servicio informativo en l\u00ednea de salud para pacientes, familiares y amigos. Es producida por la Biblioteca Nacional de Medicina de Estados Unidos (NLM, por sus siglas en ingl\u00e9s), la biblioteca m\u00e9dica m\u00e1s grande del mundo y parte de los Institutos Nacionales de la Salud de EE. UU. (NIH). <a rel=\"noreferrer noopener\" href=\"https:\/\/medlineplus.gov\/spanish\/acercade\/\" target=\"_blank\"><strong>Conozca m\u00e1s sobre MedlinePlus<\/strong><\/a><\/p>\n","protected":false},"excerpt":{"rendered":"<p>Biblioteca Cochrane Cochrane es una red internacional con sede en el Reino Unido, est\u00e1 registrada como organizaci\u00f3n sin \u00e1nimo de lucro, y es miembro del National Council for Voluntary Organizations del Reino Unido. Cochrane est\u00e1 dirigido a todas aquellas personas interesadas en utilizar informaci\u00f3n de alta calidad para tomar decisiones en salud. Sea usted profesional cl\u00ednico, paciente o cuidador, investigador, o responsable de pol\u00edticas sanitarias,&hellip; <\/p>\n","protected":false},"author":1,"featured_media":0,"parent":0,"menu_order":0,"comment_status":"closed","ping_status":"closed","template":"","meta":{"footnotes":""},"class_list":["post-79","page","type-page","status-publish","hentry","clearfix"],"_links":{"self":[{"href":"https:\/\/bvs-psi.mdp.edu.ar\/index.php?rest_route=\/wp\/v2\/pages\/79","targetHints":{"allow":["GET"]}}],"collection":[{"href":"https:\/\/bvs-psi.mdp.edu.ar\/index.php?rest_route=\/wp\/v2\/pages"}],"about":[{"href":"https:\/\/bvs-psi.mdp.edu.ar\/index.php?rest_route=\/wp\/v2\/types\/page"}],"author":[{"embeddable":true,"href":"https:\/\/bvs-psi.mdp.edu.ar\/index.php?rest_route=\/wp\/v2\/users\/1"}],"replies":[{"embeddable":true,"href":"https:\/\/bvs-psi.mdp.edu.ar\/index.php?rest_route=%2Fwp%2Fv2%2Fcomments&post=79"}],"version-history":[{"count":14,"href":"https:\/\/bvs-psi.mdp.edu.ar\/index.php?rest_route=\/wp\/v2\/pages\/79\/revisions"}],"predecessor-version":[{"id":1702,"href":"https:\/\/bvs-psi.mdp.edu.ar\/index.php?rest_route=\/wp\/v2\/pages\/79\/revisions\/1702"}],"wp:attachment":[{"href":"https:\/\/bvs-psi.mdp.edu.ar\/index.php?rest_route=%2Fwp%2Fv2%2Fmedia&parent=79"}],"curies":[{"name":"wp","href":"https:\/\/api.w.org\/{rel}","templated":true}]}}